{"id":1393,"date":"2018-11-29T09:07:13","date_gmt":"2018-11-29T09:07:13","guid":{"rendered":"http:\/\/sw-themes.com\/porto_dummy\/?page_id=1393"},"modified":"2024-09-28T13:32:39","modified_gmt":"2024-09-28T10:32:39","slug":"masonry-4-columns","status":"publish","type":"page","link":"https:\/\/www.everestbasim.com.tr\/?page_id=1393","title":{"rendered":"\u00dcr\u00fcnlerimiz"},"content":{"rendered":"<div class=\"wpb-content-wrapper\"><p>[vc_row css=&#8221;.vc_custom_1543282014610{padding-top: 30px !important;}&#8221;][vc_column][vc_column_text css=&#8221;&#8221;]Y\u00fcksek \u00e7\u00f6z\u00fcn\u00fcrl\u00fckte bask\u0131lar, h\u0131zl\u0131 \u00fcretim s\u00fcresi ve geni\u015f materyal se\u00e7enekleri ile firman\u0131z\u0131n t\u00fcm bask\u0131 ihtiya\u00e7lar\u0131n\u0131 kar\u015f\u0131l\u0131yoruz. Ofset bask\u0131 makinelerimiz son teknoloji ile donat\u0131lm\u0131\u015f olup, b\u00fcy\u00fck hacimli bask\u0131 i\u015flerinde m\u00fckemmel sonu\u00e7lar sunar.[\/vc_column_text]<div id=\"porto-portfolio-5187\" class=\"porto-portfolios porto-portfoliosgn6d wpb_content_element  mb-0\">\r\n\t<div class=\"page-portfolios clearfix portfolios-masonry wpb_custom_f766824d32289da1f974c4f6f5382936\" id=\"porto_portfolios_6pd4\">\r\n\r\n\t\r\n\t\t\t<ul class=\"portfolio-filter nav sort-source sort-source-style-3\">\r\n\t\t\t<li class=\"active\" data-filter=\"*\"><a href=\"#\">Hepsini G\u00f6ster<\/a><\/li>\r\n\t\t\t\t\t\t\t<li data-filter=\"medias\"><a href=\"#\">Foto\u011fraf<\/a><\/li>\r\n\t\t\t\t\t\t\t<li data-filter=\"markalar\"><a href=\"#\">Markalar<\/a><\/li>\r\n\t\t\t\t\t\t\t<li data-filter=\"tasarim\"><a href=\"#\">Tasar\u0131m<\/a><\/li>\r\n\t\t\t\t\t\t\t<li data-filter=\"website\"><a href=\"#\">Web Sitesi<\/a><\/li>\r\n\t\t\t\t\t<\/ul>\r\n\t\t\t\t\t\r\n\t\t\t<div class=\"portfolios-container portfolio-row portfolio-row-4 classic\">\r\n\r\n\t\r\n\t\t<article class=\"portfolio portfolio-masonry  portfolio-col-4 tasarim post-124 type-portfolio status-publish has-post-thumbnail hentry portfolio_cat-tasarim portfolio_skills-design portfolio_skills-htmlcss portfolio_skills-javascript\">\r\n\t\t<h3 class=\"entry-title\" style=\"display: none;\">Small Slider<\/h3><span class=\"vcard\" style=\"display: none;\"><span class=\"fn\"><a href=\"https:\/\/www.everestbasim.com.tr\/?author=1\" title=\"everestadmin taraf\u0131ndan yaz\u0131lan yaz\u0131lar\" rel=\"author\">everestadmin<\/a><\/span><\/span><span class=\"updated\" style=\"display:none\">2016-06-17T10:06:56+03:00<\/span>\t\t<div class=\"portfolio-item default\">\r\n\t\t\t\t\t\t<a class=\"text-decoration-none portfolio-link\" href=\"https:\/\/www.everestbasim.com.tr\/?portfolio=small-slider\">\r\n\t\t\t\t<span class=\"thumb-info thumb-info-no-borders thumb-info-darken thumb-info-centered-info\">\r\n\t\t\t\t\t<span class=\"thumb-info-wrapper\">\r\n\t\t\t\t\t\t\t\t\t\t\t\t\t\t\t<img loading=\"lazy\" decoding=\"async\" class=\"img-responsive\" width=\"367\" height=\"367\" src=\"https:\/\/www.everestbasim.com.tr\/wp-content\/uploads\/2016\/06\/project-5-367x367.jpg\" alt=\"\" \/>\r\n\t\t\t\t\t\t\t\t\t\r\n\t\t\t\t\t\t\r\n\t\t\t\t\t\t\t\t\t\t\t\t\t\t\t\t\t\t\t\t<span class=\"thumb-info-title\">\r\n\t\t\t\t\t\t\t\t<span class=\"thumb-info-inner\">Small Slider<\/span>\r\n\t\t\t\t\t\t\t\t\t\t\t\t\t\t\t\t\t\t<span class=\"thumb-info-type\">Tasar\u0131m<\/span>\r\n\t\t\t\t\t\t\t\t\t\t\t\t\t\t\t\t<\/span>\r\n\t\t\t\t\t\t\t\t\t\t\t\t\t\t\t\t\t\t\t\t\t\t\t\t\t\t<span class=\"thumb-info-action\">\r\n\t\t\t\t\t\t\t\t\t\t\t\t\t\t\t\t\t<span class=\"thumb-info-action-icon thumb-info-action-icon-dark opacity-8\"><i class=\"fa fa-link\"><\/i><\/span>\r\n\t\t\t\t\t\t\t\t\t\t\t\t\t\t\t\t\t\t\t\t\t\t\t<\/span>\r\n\t\t\t\t\t\t\t\t\t\t\t\t\t\t\t\t\t<\/span>\r\n\t\t\t\t<\/span>\r\n\t\t\t<\/a>\r\n\t\t\t\r\n\t\t\t\t\t<\/div>\r\n\t<\/article>\r\n\t\t<article class=\"portfolio portfolio-masonry  portfolio-col-4 medias tasarim post-126 type-portfolio status-publish has-post-thumbnail hentry portfolio_cat-medias portfolio_cat-tasarim portfolio_skills-backend portfolio_skills-logo\">\r\n\t\t<h3 class=\"entry-title\" style=\"display: none;\">Bask\u0131l\u0131 Tekstil Etiketi<\/h3><span class=\"vcard\" style=\"display: none;\"><span class=\"fn\"><a href=\"https:\/\/www.everestbasim.com.tr\/?author=1\" title=\"everestadmin taraf\u0131ndan yaz\u0131lan yaz\u0131lar\" rel=\"author\">everestadmin<\/a><\/span><\/span><span class=\"updated\" style=\"display:none\">2025-11-27T13:18:07+03:00<\/span>\t\t<div class=\"portfolio-item default\">\r\n\t\t\t\t\t\t<a class=\"text-decoration-none portfolio-link\" href=\"https:\/\/www.everestbasim.com.tr\/?portfolio=baskili-tekstil-etiketi\">\r\n\t\t\t\t<span class=\"thumb-info thumb-info-no-borders thumb-info-darken thumb-info-centered-info\">\r\n\t\t\t\t\t<span class=\"thumb-info-wrapper\">\r\n\t\t\t\t\t\t\t\t\t\t\t\t\t\t\t<img loading=\"lazy\" decoding=\"async\" class=\"img-responsive\" width=\"367\" height=\"367\" src=\"https:\/\/www.everestbasim.com.tr\/wp-content\/uploads\/2016\/06\/project-7-367x367.jpg\" alt=\"\" \/>\r\n\t\t\t\t\t\t\t\t\t\r\n\t\t\t\t\t\t\r\n\t\t\t\t\t\t\t\t\t\t\t\t\t\t\t\t\t\t\t\t<span class=\"thumb-info-title\">\r\n\t\t\t\t\t\t\t\t<span class=\"thumb-info-inner\">Bask\u0131l\u0131 Tekstil Etiketi<\/span>\r\n\t\t\t\t\t\t\t\t\t\t\t\t\t\t\t\t\t\t<span class=\"thumb-info-type\">Foto\u011fraf, Tasar\u0131m<\/span>\r\n\t\t\t\t\t\t\t\t\t\t\t\t\t\t\t\t<\/span>\r\n\t\t\t\t\t\t\t\t\t\t\t\t\t\t\t\t\t\t\t\t\t\t\t\t\t\t<span class=\"thumb-info-action\">\r\n\t\t\t\t\t\t\t\t\t\t\t\t\t\t\t\t\t<span class=\"thumb-info-action-icon thumb-info-action-icon-dark opacity-8\"><i class=\"fa fa-link\"><\/i><\/span>\r\n\t\t\t\t\t\t\t\t\t\t\t\t\t\t\t\t\t\t\t\t\t\t\t<\/span>\r\n\t\t\t\t\t\t\t\t\t\t\t\t\t\t\t\t\t<\/span>\r\n\t\t\t\t<\/span>\r\n\t\t\t<\/a>\r\n\t\t\t\r\n\t\t\t\t\t<\/div>\r\n\t<\/article>\r\n\t\t<article class=\"portfolio portfolio-masonry  portfolio-col-4 website post-120 type-portfolio status-publish has-post-thumbnail hentry portfolio_cat-website portfolio_skills-design portfolio_skills-htmlcss portfolio_skills-javascript\">\r\n\t\t<h3 class=\"entry-title\" style=\"display: none;\">Wide Slider<\/h3><span class=\"vcard\" style=\"display: none;\"><span class=\"fn\"><a href=\"https:\/\/www.everestbasim.com.tr\/?author=1\" title=\"everestadmin taraf\u0131ndan yaz\u0131lan yaz\u0131lar\" rel=\"author\">everestadmin<\/a><\/span><\/span><span class=\"updated\" style=\"display:none\">2016-06-17T10:00:46+03:00<\/span>\t\t<div class=\"portfolio-item default\">\r\n\t\t\t\t\t\t<a class=\"text-decoration-none portfolio-link\" href=\"https:\/\/www.everestbasim.com.tr\/?portfolio=wide-slider\">\r\n\t\t\t\t<span class=\"thumb-info thumb-info-no-borders thumb-info-darken thumb-info-centered-info\">\r\n\t\t\t\t\t<span class=\"thumb-info-wrapper\">\r\n\t\t\t\t\t\t\t\t\t\t\t\t\t\t\t<img loading=\"lazy\" decoding=\"async\" class=\"img-responsive\" width=\"367\" height=\"169\" src=\"https:\/\/www.everestbasim.com.tr\/wp-content\/uploads\/2016\/06\/project-short-367x169.jpg\" alt=\"\" \/>\r\n\t\t\t\t\t\t\t\t\t\r\n\t\t\t\t\t\t\r\n\t\t\t\t\t\t\t\t\t\t\t\t\t\t\t\t\t\t\t\t<span class=\"thumb-info-title\">\r\n\t\t\t\t\t\t\t\t<span class=\"thumb-info-inner\">Wide Slider<\/span>\r\n\t\t\t\t\t\t\t\t\t\t\t\t\t\t\t\t\t\t<span class=\"thumb-info-type\">Web Sitesi<\/span>\r\n\t\t\t\t\t\t\t\t\t\t\t\t\t\t\t\t<\/span>\r\n\t\t\t\t\t\t\t\t\t\t\t\t\t\t\t\t\t\t\t\t\t\t\t\t\t\t<span class=\"thumb-info-action\">\r\n\t\t\t\t\t\t\t\t\t\t\t\t\t\t\t\t\t<span class=\"thumb-info-action-icon thumb-info-action-icon-dark opacity-8\"><i class=\"fa fa-link\"><\/i><\/span>\r\n\t\t\t\t\t\t\t\t\t\t\t\t\t\t\t\t\t\t\t\t\t\t\t<\/span>\r\n\t\t\t\t\t\t\t\t\t\t\t\t\t\t\t\t\t<\/span>\r\n\t\t\t\t<\/span>\r\n\t\t\t<\/a>\r\n\t\t\t\r\n\t\t\t\t\t<\/div>\r\n\t<\/article>\r\n\t\t<article class=\"portfolio portfolio-masonry  portfolio-col-4 medias post-129 type-portfolio status-publish has-post-thumbnail hentry portfolio_cat-medias\">\r\n\t\t<h3 class=\"entry-title\" style=\"display: none;\">Video<\/h3><span class=\"vcard\" style=\"display: none;\"><span class=\"fn\"><a href=\"https:\/\/www.everestbasim.com.tr\/?author=1\" title=\"everestadmin taraf\u0131ndan yaz\u0131lan yaz\u0131lar\" rel=\"author\">everestadmin<\/a><\/span><\/span><span class=\"updated\" style=\"display:none\">2016-06-17T09:57:28+03:00<\/span>\t\t<div class=\"portfolio-item default\">\r\n\t\t\t\t\t\t<a class=\"text-decoration-none portfolio-link\" href=\"https:\/\/www.everestbasim.com.tr\/?portfolio=video\">\r\n\t\t\t\t<span class=\"thumb-info thumb-info-no-borders thumb-info-darken thumb-info-centered-info\">\r\n\t\t\t\t\t<span class=\"thumb-info-wrapper\">\r\n\t\t\t\t\t\t\t\t\t\t\t\t\t\t\t<img loading=\"lazy\" decoding=\"async\" class=\"img-responsive\" width=\"367\" height=\"367\" src=\"https:\/\/www.everestbasim.com.tr\/wp-content\/uploads\/2016\/06\/project-6-367x367.jpg\" alt=\"\" \/>\r\n\t\t\t\t\t\t\t\t\t\r\n\t\t\t\t\t\t\r\n\t\t\t\t\t\t\t\t\t\t\t\t\t\t\t\t\t\t\t\t<span class=\"thumb-info-title\">\r\n\t\t\t\t\t\t\t\t<span class=\"thumb-info-inner\">Video<\/span>\r\n\t\t\t\t\t\t\t\t\t\t\t\t\t\t\t\t\t\t<span class=\"thumb-info-type\">Foto\u011fraf<\/span>\r\n\t\t\t\t\t\t\t\t\t\t\t\t\t\t\t\t<\/span>\r\n\t\t\t\t\t\t\t\t\t\t\t\t\t\t\t\t\t\t\t\t\t\t\t\t\t\t<span class=\"thumb-info-action\">\r\n\t\t\t\t\t\t\t\t\t\t\t\t\t\t\t\t\t<span class=\"thumb-info-action-icon thumb-info-action-icon-dark opacity-8\"><i class=\"fa fa-link\"><\/i><\/span>\r\n\t\t\t\t\t\t\t\t\t\t\t\t\t\t\t\t\t\t\t\t\t\t\t<\/span>\r\n\t\t\t\t\t\t\t\t\t\t\t\t\t\t\t\t\t<\/span>\r\n\t\t\t\t<\/span>\r\n\t\t\t<\/a>\r\n\t\t\t\r\n\t\t\t\t\t<\/div>\r\n\t<\/article>\r\n\t\t<article class=\"portfolio portfolio-masonry  portfolio-col-4 website  w2 post-116 type-portfolio status-publish has-post-thumbnail hentry portfolio_cat-website portfolio_skills-backend portfolio_skills-htmlcss portfolio_skills-logo\">\r\n\t\t<h3 class=\"entry-title\" style=\"display: none;\">Full Width Slider<\/h3><span class=\"vcard\" style=\"display: none;\"><span class=\"fn\"><a href=\"https:\/\/www.everestbasim.com.tr\/?author=1\" title=\"everestadmin taraf\u0131ndan yaz\u0131lan yaz\u0131lar\" rel=\"author\">everestadmin<\/a><\/span><\/span><span class=\"updated\" style=\"display:none\">2016-03-17T09:17:07+03:00<\/span>\t\t<div class=\"portfolio-item default\">\r\n\t\t\t\t\t\t<a class=\"text-decoration-none portfolio-link\" href=\"https:\/\/www.everestbasim.com.tr\/?portfolio=full-width-slider\">\r\n\t\t\t\t<span class=\"thumb-info thumb-info-no-borders thumb-info-darken thumb-info-centered-info\">\r\n\t\t\t\t\t<span class=\"thumb-info-wrapper\">\r\n\t\t\t\t\t\t\t\t\t\t\t\t\t\t\t<img loading=\"lazy\" decoding=\"async\" class=\"img-responsive\" width=\"640\" height=\"180\" src=\"https:\/\/www.everestbasim.com.tr\/wp-content\/uploads\/2016\/06\/project-full-width-2-640x180.jpg\" alt=\"\" \/>\r\n\t\t\t\t\t\t\t\t\t\r\n\t\t\t\t\t\t\r\n\t\t\t\t\t\t\t\t\t\t\t\t\t\t\t\t\t\t\t\t<span class=\"thumb-info-title\">\r\n\t\t\t\t\t\t\t\t<span class=\"thumb-info-inner\">Full Width Slider<\/span>\r\n\t\t\t\t\t\t\t\t\t\t\t\t\t\t\t\t\t\t<span class=\"thumb-info-type\">Web Sitesi<\/span>\r\n\t\t\t\t\t\t\t\t\t\t\t\t\t\t\t\t<\/span>\r\n\t\t\t\t\t\t\t\t\t\t\t\t\t\t\t\t\t\t\t\t\t\t\t\t\t\t<span class=\"thumb-info-action\">\r\n\t\t\t\t\t\t\t\t\t\t\t\t\t\t\t\t\t<span class=\"thumb-info-action-icon thumb-info-action-icon-dark opacity-8\"><i class=\"fa fa-link\"><\/i><\/span>\r\n\t\t\t\t\t\t\t\t\t\t\t\t\t\t\t\t\t\t\t\t\t\t\t<\/span>\r\n\t\t\t\t\t\t\t\t\t\t\t\t\t\t\t\t\t<\/span>\r\n\t\t\t\t<\/span>\r\n\t\t\t<\/a>\r\n\t\t\t\r\n\t\t\t\t\t<\/div>\r\n\t<\/article>\r\n\t\t<article class=\"portfolio portfolio-masonry  portfolio-col-4 markalar post-114 type-portfolio status-publish has-post-thumbnail hentry portfolio_cat-markalar portfolio_skills-backend portfolio_skills-htmlcss portfolio_skills-javascript\">\r\n\t\t<h3 class=\"entry-title\" style=\"display: none;\">Gallery<\/h3><span class=\"vcard\" style=\"display: none;\"><span class=\"fn\"><a href=\"https:\/\/www.everestbasim.com.tr\/?author=1\" title=\"everestadmin taraf\u0131ndan yaz\u0131lan yaz\u0131lar\" rel=\"author\">everestadmin<\/a><\/span><\/span><span class=\"updated\" style=\"display:none\">2016-03-17T08:57:11+03:00<\/span>\t\t<div class=\"portfolio-item default\">\r\n\t\t\t\t\t\t<a class=\"text-decoration-none portfolio-link\" href=\"https:\/\/www.everestbasim.com.tr\/?portfolio=gallery\">\r\n\t\t\t\t<span class=\"thumb-info thumb-info-no-borders thumb-info-darken thumb-info-centered-info\">\r\n\t\t\t\t\t<span class=\"thumb-info-wrapper\">\r\n\t\t\t\t\t\t\t\t\t\t\t\t\t\t\t<img loading=\"lazy\" decoding=\"async\" class=\"img-responsive\" width=\"367\" height=\"367\" src=\"https:\/\/www.everestbasim.com.tr\/wp-content\/uploads\/2016\/06\/project-1-2-367x367.jpg\" alt=\"\" \/>\r\n\t\t\t\t\t\t\t\t\t\r\n\t\t\t\t\t\t\r\n\t\t\t\t\t\t\t\t\t\t\t\t\t\t\t\t\t\t\t\t<span class=\"thumb-info-title\">\r\n\t\t\t\t\t\t\t\t<span class=\"thumb-info-inner\">Gallery<\/span>\r\n\t\t\t\t\t\t\t\t\t\t\t\t\t\t\t\t\t\t<span class=\"thumb-info-type\">Markalar<\/span>\r\n\t\t\t\t\t\t\t\t\t\t\t\t\t\t\t\t<\/span>\r\n\t\t\t\t\t\t\t\t\t\t\t\t\t\t\t\t\t\t\t\t\t\t\t\t\t\t<span class=\"thumb-info-action\">\r\n\t\t\t\t\t\t\t\t\t\t\t\t\t\t\t\t\t<span class=\"thumb-info-action-icon thumb-info-action-icon-dark opacity-8\"><i class=\"fa fa-link\"><\/i><\/span>\r\n\t\t\t\t\t\t\t\t\t\t\t\t\t\t\t\t\t\t\t\t\t\t\t<\/span>\r\n\t\t\t\t\t\t\t\t\t\t\t\t\t\t\t\t\t<\/span>\r\n\t\t\t\t<\/span>\r\n\t\t\t<\/a>\r\n\t\t\t\r\n\t\t\t\t\t<\/div>\r\n\t<\/article>\r\n\t\t<article class=\"portfolio portfolio-masonry  portfolio-col-4 medias post-104 type-portfolio status-publish has-post-thumbnail hentry portfolio_cat-medias portfolio_skills-backend portfolio_skills-design portfolio_skills-htmlcss portfolio_skills-javascript\">\r\n\t\t<h3 class=\"entry-title\" style=\"display: none;\">Medias<\/h3><span class=\"vcard\" style=\"display: none;\"><span class=\"fn\"><a href=\"https:\/\/www.everestbasim.com.tr\/?author=1\" title=\"everestadmin taraf\u0131ndan yaz\u0131lan yaz\u0131lar\" rel=\"author\">everestadmin<\/a><\/span><\/span><span class=\"updated\" style=\"display:none\">2016-03-17T07:56:16+03:00<\/span>\t\t<div class=\"portfolio-item default\">\r\n\t\t\t\t\t\t<a class=\"text-decoration-none portfolio-link\" href=\"https:\/\/www.everestbasim.com.tr\/?portfolio=medias\">\r\n\t\t\t\t<span class=\"thumb-info thumb-info-no-borders thumb-info-darken thumb-info-centered-info\">\r\n\t\t\t\t\t<span class=\"thumb-info-wrapper\">\r\n\t\t\t\t\t\t\t\t\t\t\t\t\t\t\t<img loading=\"lazy\" decoding=\"async\" class=\"img-responsive\" width=\"367\" height=\"367\" src=\"https:\/\/www.everestbasim.com.tr\/wp-content\/uploads\/2016\/06\/project-4-367x367.jpg\" alt=\"\" \/>\r\n\t\t\t\t\t\t\t\t\t\r\n\t\t\t\t\t\t\r\n\t\t\t\t\t\t\t\t\t\t\t\t\t\t\t\t\t\t\t\t<span class=\"thumb-info-title\">\r\n\t\t\t\t\t\t\t\t<span class=\"thumb-info-inner\">Medias<\/span>\r\n\t\t\t\t\t\t\t\t\t\t\t\t\t\t\t\t\t\t<span class=\"thumb-info-type\">Foto\u011fraf<\/span>\r\n\t\t\t\t\t\t\t\t\t\t\t\t\t\t\t\t<\/span>\r\n\t\t\t\t\t\t\t\t\t\t\t\t\t\t\t\t\t\t\t\t\t\t\t\t\t\t<span class=\"thumb-info-action\">\r\n\t\t\t\t\t\t\t\t\t\t\t\t\t\t\t\t\t<span class=\"thumb-info-action-icon thumb-info-action-icon-dark opacity-8\"><i class=\"fa fa-link\"><\/i><\/span>\r\n\t\t\t\t\t\t\t\t\t\t\t\t\t\t\t\t\t\t\t\t\t\t\t<\/span>\r\n\t\t\t\t\t\t\t\t\t\t\t\t\t\t\t\t\t<\/span>\r\n\t\t\t\t<\/span>\r\n\t\t\t<\/a>\r\n\t\t\t\r\n\t\t\t\t\t<\/div>\r\n\t<\/article>\r\n\t\t<article class=\"portfolio portfolio-masonry  portfolio-col-4 medias post-102 type-portfolio status-publish has-post-thumbnail hentry portfolio_cat-medias portfolio_skills-design portfolio_skills-htmlcss portfolio_skills-logo\">\r\n\t\t<h3 class=\"entry-title\" style=\"display: none;\">Full Width Video<\/h3><span class=\"vcard\" style=\"display: none;\"><span class=\"fn\"><a href=\"https:\/\/www.everestbasim.com.tr\/?author=1\" title=\"everestadmin taraf\u0131ndan yaz\u0131lan yaz\u0131lar\" rel=\"author\">everestadmin<\/a><\/span><\/span><span class=\"updated\" style=\"display:none\">2016-01-17T07:02:36+03:00<\/span>\t\t<div class=\"portfolio-item default\">\r\n\t\t\t\t\t\t<a class=\"text-decoration-none portfolio-link\" href=\"https:\/\/www.everestbasim.com.tr\/?portfolio=full-width-video\">\r\n\t\t\t\t<span class=\"thumb-info thumb-info-no-borders thumb-info-darken thumb-info-centered-info\">\r\n\t\t\t\t\t<span class=\"thumb-info-wrapper\">\r\n\t\t\t\t\t\t\t\t\t\t\t\t\t\t\t<img loading=\"lazy\" decoding=\"async\" class=\"img-responsive\" width=\"367\" height=\"367\" src=\"https:\/\/www.everestbasim.com.tr\/wp-content\/uploads\/2016\/06\/project-3-367x367.jpg\" alt=\"\" \/>\r\n\t\t\t\t\t\t\t\t\t\r\n\t\t\t\t\t\t\r\n\t\t\t\t\t\t\t\t\t\t\t\t\t\t\t\t\t\t\t\t<span class=\"thumb-info-title\">\r\n\t\t\t\t\t\t\t\t<span class=\"thumb-info-inner\">Full Width Video<\/span>\r\n\t\t\t\t\t\t\t\t\t\t\t\t\t\t\t\t\t\t<span class=\"thumb-info-type\">Foto\u011fraf<\/span>\r\n\t\t\t\t\t\t\t\t\t\t\t\t\t\t\t\t<\/span>\r\n\t\t\t\t\t\t\t\t\t\t\t\t\t\t\t\t\t\t\t\t\t\t\t\t\t\t<span class=\"thumb-info-action\">\r\n\t\t\t\t\t\t\t\t\t\t\t\t\t\t\t\t\t<span class=\"thumb-info-action-icon thumb-info-action-icon-dark opacity-8\"><i class=\"fa fa-link\"><\/i><\/span>\r\n\t\t\t\t\t\t\t\t\t\t\t\t\t\t\t\t\t\t\t\t\t\t\t<\/span>\r\n\t\t\t\t\t\t\t\t\t\t\t\t\t\t\t\t\t<\/span>\r\n\t\t\t\t<\/span>\r\n\t\t\t<\/a>\r\n\t\t\t\r\n\t\t\t\t\t<\/div>\r\n\t<\/article>\r\n\t\t<article class=\"portfolio portfolio-masonry  portfolio-col-4 tasarim post-90 type-portfolio status-publish has-post-thumbnail hentry portfolio_cat-tasarim portfolio_skills-design portfolio_skills-logo\">\r\n\t\t<h3 class=\"entry-title\" style=\"display: none;\">Masonry Images<\/h3><span class=\"vcard\" style=\"display: none;\"><span class=\"fn\"><a href=\"https:\/\/www.everestbasim.com.tr\/?author=1\" title=\"everestadmin taraf\u0131ndan yaz\u0131lan yaz\u0131lar\" rel=\"author\">everestadmin<\/a><\/span><\/span><span class=\"updated\" style=\"display:none\">2016-01-17T03:24:54+03:00<\/span>\t\t<div class=\"portfolio-item default\">\r\n\t\t\t\t\t\t<a class=\"text-decoration-none portfolio-link\" href=\"https:\/\/www.everestbasim.com.tr\/?portfolio=masonry-images\">\r\n\t\t\t\t<span class=\"thumb-info thumb-info-no-borders thumb-info-darken thumb-info-centered-info\">\r\n\t\t\t\t\t<span class=\"thumb-info-wrapper\">\r\n\t\t\t\t\t\t\t\t\t\t\t\t\t\t\t<img loading=\"lazy\" decoding=\"async\" class=\"img-responsive\" width=\"367\" height=\"251\" src=\"https:\/\/www.everestbasim.com.tr\/wp-content\/uploads\/2016\/06\/project-masonry-367x251.jpg\" alt=\"\" \/>\r\n\t\t\t\t\t\t\t\t\t\r\n\t\t\t\t\t\t\r\n\t\t\t\t\t\t\t\t\t\t\t\t\t\t\t\t\t\t\t\t<span class=\"thumb-info-title\">\r\n\t\t\t\t\t\t\t\t<span class=\"thumb-info-inner\">Masonry Images<\/span>\r\n\t\t\t\t\t\t\t\t\t\t\t\t\t\t\t\t\t\t<span class=\"thumb-info-type\">Tasar\u0131m<\/span>\r\n\t\t\t\t\t\t\t\t\t\t\t\t\t\t\t\t<\/span>\r\n\t\t\t\t\t\t\t\t\t\t\t\t\t\t\t\t\t\t\t\t\t\t\t\t\t\t<span class=\"thumb-info-action\">\r\n\t\t\t\t\t\t\t\t\t\t\t\t\t\t\t\t\t<span class=\"thumb-info-action-icon thumb-info-action-icon-dark opacity-8\"><i class=\"fa fa-link\"><\/i><\/span>\r\n\t\t\t\t\t\t\t\t\t\t\t\t\t\t\t\t\t\t\t\t\t\t\t<\/span>\r\n\t\t\t\t\t\t\t\t\t\t\t\t\t\t\t\t\t<\/span>\r\n\t\t\t\t<\/span>\r\n\t\t\t<\/a>\r\n\t\t\t\r\n\t\t\t\t\t<\/div>\r\n\t<\/article>\r\n\t\t<article class=\"portfolio portfolio-masonry  portfolio-col-4 markalar post-86 type-portfolio status-publish has-post-thumbnail hentry portfolio_cat-markalar portfolio_skills-design portfolio_skills-logo\">\r\n\t\t<h3 class=\"entry-title\" style=\"display: none;\">Sticky Content<\/h3><span class=\"vcard\" style=\"display: none;\"><span class=\"fn\"><a href=\"https:\/\/www.everestbasim.com.tr\/?author=1\" title=\"everestadmin taraf\u0131ndan yaz\u0131lan yaz\u0131lar\" rel=\"author\">everestadmin<\/a><\/span><\/span><span class=\"updated\" style=\"display:none\">2016-01-17T00:59:55+03:00<\/span>\t\t<div class=\"portfolio-item default\">\r\n\t\t\t\t\t\t<a class=\"text-decoration-none portfolio-link\" href=\"https:\/\/www.everestbasim.com.tr\/?portfolio=full-images\">\r\n\t\t\t\t<span class=\"thumb-info thumb-info-no-borders thumb-info-darken thumb-info-centered-info\">\r\n\t\t\t\t\t<span class=\"thumb-info-wrapper\">\r\n\t\t\t\t\t\t\t\t\t\t\t\t\t\t\t<img loading=\"lazy\" decoding=\"async\" class=\"img-responsive\" width=\"367\" height=\"169\" src=\"https:\/\/www.everestbasim.com.tr\/wp-content\/uploads\/2016\/06\/project-1-short-367x169.jpg\" alt=\"\" \/>\r\n\t\t\t\t\t\t\t\t\t\r\n\t\t\t\t\t\t\r\n\t\t\t\t\t\t\t\t\t\t\t\t\t\t\t\t\t\t\t\t<span class=\"thumb-info-title\">\r\n\t\t\t\t\t\t\t\t<span class=\"thumb-info-inner\">Sticky Content<\/span>\r\n\t\t\t\t\t\t\t\t\t\t\t\t\t\t\t\t\t\t<span class=\"thumb-info-type\">Markalar<\/span>\r\n\t\t\t\t\t\t\t\t\t\t\t\t\t\t\t\t<\/span>\r\n\t\t\t\t\t\t\t\t\t\t\t\t\t\t\t\t\t\t\t\t\t\t\t\t\t\t<span class=\"thumb-info-action\">\r\n\t\t\t\t\t\t\t\t\t\t\t\t\t\t\t\t\t<span class=\"thumb-info-action-icon thumb-info-action-icon-dark opacity-8\"><i class=\"fa fa-link\"><\/i><\/span>\r\n\t\t\t\t\t\t\t\t\t\t\t\t\t\t\t\t\t\t\t\t\t\t\t<\/span>\r\n\t\t\t\t\t\t\t\t\t\t\t\t\t\t\t\t\t<\/span>\r\n\t\t\t\t<\/span>\r\n\t\t\t<\/a>\r\n\t\t\t\r\n\t\t\t\t\t<\/div>\r\n\t<\/article>\r\n\t\r\n\t\r\n\t\r\n\t\t<\/div>\r\n\r\n\t\r\n\t\r\n\t<\/div>\r\n\r\n\t\r\n\t\r\n\t<\/div>[\/vc_column][\/vc_row]<\/p>\n<\/div>","protected":false},"excerpt":{"rendered":"<p>[vc_row css=&#8221;.vc_custom_1543282014610{padding-top: 30px !important;}&#8221;][vc_column][vc_column_text css=&#8221;&#8221;]Y\u00fcksek \u00e7\u00f6z\u00fcn\u00fcrl\u00fckte bask\u0131lar, h\u0131zl\u0131 \u00fcretim s\u00fcresi ve geni\u015f materyal se\u00e7enekleri ile firman\u0131z\u0131n t\u00fcm bask\u0131 ihtiya\u00e7lar\u0131n\u0131 kar\u015f\u0131l\u0131yoruz. Ofset bask\u0131 makinelerimiz son teknoloji ile donat\u0131lm\u0131\u015f olup, b\u00fcy\u00fck hacimli bask\u0131 i\u015flerinde m\u00fckemmel sonu\u00e7lar sunar.[\/vc_column_text][\/vc_column][\/vc_row]<\/p>\n","protected":false},"author":1,"featured_media":0,"parent":0,"menu_order":0,"comment_status":"closed","ping_status":"closed","template":"","meta":{"_joinchat":[],"footnotes":""},"class_list":["post-1393","page","type-page","status-publish","hentry"],"_links":{"self":[{"href":"https:\/\/www.everestbasim.com.tr\/index.php?rest_route=\/wp\/v2\/pages\/1393","targetHints":{"allow":["GET"]}}],"collection":[{"href":"https:\/\/www.everestbasim.com.tr\/index.php?rest_route=\/wp\/v2\/pages"}],"about":[{"href":"https:\/\/www.everestbasim.com.tr\/index.php?rest_route=\/wp\/v2\/types\/page"}],"author":[{"embeddable":true,"href":"https:\/\/www.everestbasim.com.tr\/index.php?rest_route=\/wp\/v2\/users\/1"}],"replies":[{"embeddable":true,"href":"https:\/\/www.everestbasim.com.tr\/index.php?rest_route=%2Fwp%2Fv2%2Fcomments&post=1393"}],"version-history":[{"count":5,"href":"https:\/\/www.everestbasim.com.tr\/index.php?rest_route=\/wp\/v2\/pages\/1393\/revisions"}],"predecessor-version":[{"id":3005,"href":"https:\/\/www.everestbasim.com.tr\/index.php?rest_route=\/wp\/v2\/pages\/1393\/revisions\/3005"}],"wp:attachment":[{"href":"https:\/\/www.everestbasim.com.tr\/index.php?rest_route=%2Fwp%2Fv2%2Fmedia&parent=1393"}],"curies":[{"name":"wp","href":"https:\/\/api.w.org\/{rel}","templated":true}]}}