{"id":1762,"date":"2018-12-03T10:02:11","date_gmt":"2018-12-03T10:02:11","guid":{"rendered":"http:\/\/sw-themes.com\/porto_dummy\/?page_id=1762"},"modified":"2025-01-14T17:51:20","modified_gmt":"2025-01-14T14:51:20","slug":"our-services","status":"publish","type":"page","link":"https:\/\/www.everestbasim.com.tr\/?page_id=1762","title":{"rendered":"Makine Parkuru"},"content":{"rendered":"<div class=\"wpb-content-wrapper\"><p>[vc_row wrap_container=&#8221;yes&#8221; is_section=&#8221;yes&#8221; section_skin=&#8221;parallax&#8221; remove_margin_top=&#8221;yes&#8221; remove_margin_bottom=&#8221;yes&#8221; remove_border=&#8221;yes&#8221; css=&#8221;.vc_custom_1543838395858{padding-top: 80px !important;}&#8221;][vc_column width=&#8221;1\/3&#8243; animation_type=&#8221;fadeIn&#8221;]<div class=\"porto-sicon-box text-start image-box  wpb_custom_6bd3ea43243bb56571d580d187f8d1d7 style_1 top-icon\"><div class=\"porto-sicon-top\"><div id=\"porto-icon-181110507269e4c9d4802cd\" class=\"porto-just-icon-wrapper porto-sicon-img\" style=\"font-size: 400px;\"><img loading=\"lazy\" decoding=\"async\" class=\"img-icon\" alt=\"\" src=\"https:\/\/www.everestbasim.com.tr\/wp-content\/uploads\/2024\/09\/everest_makine_parkuru_1.jpg\" width=\"487\" height=\"194\" \/><\/div><\/div><div class=\"porto-sicon-header\"><a class=\"porto-sicon-box-link\" href=\"#\"><h3 class=\"porto-sicon-title\" style=\"font-weight:700;font-size:17.5px;line-height:27px;\">Komori Lithrone G40<\/h3><\/a><\/div> <!-- header --><div class=\"porto-sicon-description\" style=\"\">70&#215;100 6 renk +Lak bask\u0131 kapasitesi ve dispersiyon lak ile y\u00fcksek kalite bask\u0131 sa\u011flar.<\/div> <!-- description --><\/div><!-- porto-sicon-box -->[\/vc_column][vc_column width=&#8221;1\/3&#8243; animation_delay=&#8221;250&#8243; animation_type=&#8221;fadeIn&#8221;]<div class=\"porto-sicon-box text-start image-box  wpb_custom_6bd3ea43243bb56571d580d187f8d1d7 style_1 top-icon\"><div class=\"porto-sicon-top\"><div id=\"porto-icon-192118011769e4c9d4805bd\" class=\"porto-just-icon-wrapper porto-sicon-img\" style=\"font-size: 400px;\"><img loading=\"lazy\" decoding=\"async\" class=\"img-icon\" alt=\"\" src=\"https:\/\/www.everestbasim.com.tr\/wp-content\/uploads\/2024\/09\/everest_makine_parkuru_2.jpg\" width=\"487\" height=\"194\" \/><\/div><\/div><div class=\"porto-sicon-header\"><a class=\"porto-sicon-box-link\" href=\"#\"><h3 class=\"porto-sicon-title\" style=\"font-weight:700;font-size:17.5px;line-height:27px;\">Heidelberg Cd-102<\/h3><\/a><\/div> <!-- header --><div class=\"porto-sicon-description\" style=\"\">5 renkli bask\u0131 teknolojisi ile geni\u015f format i\u015flerde kullan\u0131lmakta.<\/div> <!-- description --><\/div><!-- porto-sicon-box -->[\/vc_column][vc_column width=&#8221;1\/3&#8243; animation_delay=&#8221;500&#8243; animation_type=&#8221;fadeIn&#8221;]<div class=\"porto-sicon-box text-start image-box  wpb_custom_6bd3ea43243bb56571d580d187f8d1d7 style_1 top-icon\"><div class=\"porto-sicon-top\"><div id=\"porto-icon-142363686969e4c9d4808fc\" class=\"porto-just-icon-wrapper porto-sicon-img\" style=\"font-size: 400px;\"><img loading=\"lazy\" decoding=\"async\" class=\"img-icon\" alt=\"\" src=\"https:\/\/www.everestbasim.com.tr\/wp-content\/uploads\/2024\/09\/everest_makine_parkuru_3.jpg\" width=\"487\" height=\"194\" \/><\/div><\/div><div class=\"porto-sicon-header\"><a class=\"porto-sicon-box-link\" href=\"#\"><h3 class=\"porto-sicon-title\" style=\"font-weight:700;font-size:17.5px;line-height:27px;\">Heidelberg 50x70<\/h3><\/a><\/div> <!-- header --><div class=\"porto-sicon-description\" style=\"\">4 renk +Lak bask\u0131 kapasitesi ile orta boyutlu i\u015fler i\u00e7in idealdir.<\/div> <!-- description --><\/div><!-- porto-sicon-box -->[\/vc_column][\/vc_row][vc_row wrap_container=&#8221;yes&#8221; is_section=&#8221;yes&#8221; section_skin=&#8221;parallax&#8221; remove_margin_top=&#8221;yes&#8221; remove_margin_bottom=&#8221;yes&#8221; remove_border=&#8221;yes&#8221; css=&#8221;.vc_custom_1726841991118{padding-top: 40px !important;}&#8221; conditional_render=&#8221;%5B%7B%22value_role%22%3A%22administrator%22%7D%5D&#8221;][vc_column width=&#8221;1\/3&#8243; animation_type=&#8221;fadeIn&#8221;]<div class=\"porto-sicon-box text-start image-box  wpb_custom_6bd3ea43243bb56571d580d187f8d1d7 style_1 top-icon\"><div class=\"porto-sicon-top\"><div id=\"porto-icon-23805348769e4c9d480bd2\" class=\"porto-just-icon-wrapper porto-sicon-img\" style=\"font-size: 400px;\"><img loading=\"lazy\" decoding=\"async\" class=\"img-icon\" alt=\"\" src=\"https:\/\/www.everestbasim.com.tr\/wp-content\/uploads\/2024\/09\/everest_makine_parkuru_4.jpg\" width=\"487\" height=\"194\" \/><\/div><\/div><div class=\"porto-sicon-header\"><a class=\"porto-sicon-box-link\" href=\"#\"><h3 class=\"porto-sicon-title\" style=\"font-weight:700;font-size:17.5px;line-height:27px;\">Heidelberg 35x50<\/h3><\/a><\/div> <!-- header --><div class=\"porto-sicon-description\" style=\"\">5 renkli bask\u0131 \u00f6zelli\u011fiyle k\u00fc\u00e7\u00fck format bask\u0131lar i\u00e7in kullan\u0131l\u0131r.<\/div> <!-- description --><\/div><!-- porto-sicon-box -->[\/vc_column][vc_column width=&#8221;1\/3&#8243; animation_delay=&#8221;250&#8243; animation_type=&#8221;fadeIn&#8221;]<div class=\"porto-sicon-box text-start image-box  wpb_custom_6bd3ea43243bb56571d580d187f8d1d7 style_1 top-icon\"><div class=\"porto-sicon-top\"><div id=\"porto-icon-177401941969e4c9d480f58\" class=\"porto-just-icon-wrapper porto-sicon-img\" style=\"font-size: 400px;\"><img loading=\"lazy\" decoding=\"async\" class=\"img-icon\" alt=\"\" src=\"https:\/\/www.everestbasim.com.tr\/wp-content\/uploads\/2024\/09\/everest_makine_parkuru_5.jpg\" width=\"487\" height=\"194\" \/><\/div><\/div><div class=\"porto-sicon-header\"><a class=\"porto-sicon-box-link\" href=\"#\"><h3 class=\"porto-sicon-title\" style=\"font-weight:700;font-size:17.5px;line-height:27px;\">Billh\u00f6fer<\/h3><\/a><\/div> <!-- header --><div class=\"porto-sicon-description\" style=\"\">S\u0131cak selefon uygulamas\u0131 ile bask\u0131ya ekstra koruma ve parlakl\u0131k kazand\u0131r\u0131r.<\/div> <!-- description --><\/div><!-- porto-sicon-box -->[\/vc_column][vc_column width=&#8221;1\/3&#8243; animation_delay=&#8221;500&#8243; animation_type=&#8221;fadeIn&#8221;]<div class=\"porto-sicon-box text-start image-box  wpb_custom_6bd3ea43243bb56571d580d187f8d1d7 style_1 top-icon\"><div class=\"porto-sicon-top\"><div id=\"porto-icon-113425764169e4c9d4811ef\" class=\"porto-just-icon-wrapper porto-sicon-img\" style=\"font-size: 400px;\"><img loading=\"lazy\" decoding=\"async\" class=\"img-icon\" alt=\"\" src=\"https:\/\/www.everestbasim.com.tr\/wp-content\/uploads\/2024\/09\/everest_makine_parkuru_6.jpg\" width=\"487\" height=\"194\" \/><\/div><\/div><div class=\"porto-sicon-header\"><a class=\"porto-sicon-box-link\" href=\"#\"><h3 class=\"porto-sicon-title\" style=\"font-weight:700;font-size:17.5px;line-height:27px;\">Muller Martini (Kapak Takma)<\/h3><\/a><\/div> <!-- header --><div class=\"porto-sicon-description\" style=\"\">12 istasyonlu kapak takma makinesiyle ciltleme i\u015flemleri sorunsuzca yap\u0131l\u0131r.<\/div> <!-- description --><\/div><!-- porto-sicon-box -->[\/vc_column][\/vc_row][vc_row wrap_container=&#8221;yes&#8221; is_section=&#8221;yes&#8221; section_skin=&#8221;parallax&#8221; remove_margin_top=&#8221;yes&#8221; remove_margin_bottom=&#8221;yes&#8221; remove_border=&#8221;yes&#8221; css=&#8221;.vc_custom_1726841999648{padding-top: 40px !important;}&#8221; conditional_render=&#8221;%5B%7B%22value_role%22%3A%22administrator%22%7D%5D&#8221;][vc_column width=&#8221;1\/3&#8243; animation_type=&#8221;fadeIn&#8221;]<div class=\"porto-sicon-box text-start image-box  wpb_custom_6bd3ea43243bb56571d580d187f8d1d7 style_1 top-icon\"><div class=\"porto-sicon-top\"><div id=\"porto-icon-25896036369e4c9d481488\" class=\"porto-just-icon-wrapper porto-sicon-img\" style=\"font-size: 400px;\"><img loading=\"lazy\" decoding=\"async\" class=\"img-icon\" alt=\"\" src=\"https:\/\/www.everestbasim.com.tr\/wp-content\/uploads\/2024\/09\/everest_makine_parkuru_7.jpg\" width=\"487\" height=\"194\" \/><\/div><\/div><div class=\"porto-sicon-header\"><a class=\"porto-sicon-box-link\" href=\"#\"><h3 class=\"porto-sicon-title\" style=\"font-weight:700;font-size:17.5px;line-height:27px;\">Muller Martini (Tel Diki\u015f)<\/h3><\/a><\/div> <!-- header --><div class=\"porto-sicon-description\" style=\"\">Kitap, dergi gibi materyallerin tel diki\u015f i\u015flemleri i\u00e7in kullan\u0131l\u0131r.<\/div> <!-- description --><\/div><!-- porto-sicon-box -->[\/vc_column][vc_column width=&#8221;1\/3&#8243; animation_delay=&#8221;250&#8243; animation_type=&#8221;fadeIn&#8221;]<div class=\"porto-sicon-box text-start image-box  wpb_custom_6bd3ea43243bb56571d580d187f8d1d7 style_1 top-icon\"><div class=\"porto-sicon-top\"><div id=\"porto-icon-51469414469e4c9d4816f0\" class=\"porto-just-icon-wrapper porto-sicon-img\" style=\"font-size: 400px;\"><img loading=\"lazy\" decoding=\"async\" class=\"img-icon\" alt=\"\" src=\"https:\/\/www.everestbasim.com.tr\/wp-content\/uploads\/2024\/09\/everest_makine_parkuru_8.jpg\" width=\"487\" height=\"194\" \/><\/div><\/div><div class=\"porto-sicon-header\"><a class=\"porto-sicon-box-link\" href=\"#\"><h3 class=\"porto-sicon-title\" style=\"font-weight:700;font-size:17.5px;line-height:27px;\">Muller Martini (3 Adet K\u0131r\u0131m Makinesi)<\/h3><\/a><\/div> <!-- header --><div class=\"porto-sicon-description\" style=\"\">\u00dc\u00e7 adet k\u0131r\u0131m makinesi ile y\u00fcksek h\u0131zl\u0131 ve hassas katlama i\u015flemleri yap\u0131l\u0131r.<\/div> <!-- description --><\/div><!-- porto-sicon-box -->[\/vc_column][vc_column width=&#8221;1\/3&#8243; animation_delay=&#8221;500&#8243; animation_type=&#8221;fadeIn&#8221;]<div class=\"porto-sicon-box text-start image-box  wpb_custom_6bd3ea43243bb56571d580d187f8d1d7 style_1 top-icon\"><div class=\"porto-sicon-top\"><div id=\"porto-icon-48218468569e4c9d481932\" class=\"porto-just-icon-wrapper porto-sicon-img\" style=\"font-size: 400px;\"><img loading=\"lazy\" decoding=\"async\" class=\"img-icon\" alt=\"\" src=\"https:\/\/www.everestbasim.com.tr\/wp-content\/uploads\/2024\/09\/everest_makine_parkuru_9.jpg\" width=\"487\" height=\"194\" \/><\/div><\/div><div class=\"porto-sicon-header\"><a class=\"porto-sicon-box-link\" href=\"#\"><h3 class=\"porto-sicon-title\" style=\"font-weight:700;font-size:17.5px;line-height:27px;\">Muller Martini (\u0130plik Diki\u015f)<\/h3><\/a><\/div> <!-- header --><div class=\"porto-sicon-description\" style=\"\">Kitap ve benzeri materyallerin dayan\u0131kl\u0131l\u0131\u011f\u0131 i\u00e7in iplik diki\u015f kullan\u0131l\u0131r.<\/div> <!-- description --><\/div><!-- porto-sicon-box -->[\/vc_column][\/vc_row][vc_row wrap_container=&#8221;yes&#8221; is_section=&#8221;yes&#8221; section_skin=&#8221;primary&#8221; remove_margin_top=&#8221;yes&#8221; remove_margin_bottom=&#8221;yes&#8221; remove_border=&#8221;yes&#8221; css=&#8221;.vc_custom_1543841011982{padding-top: 80px !important;padding-bottom: 50px !important;}&#8221;][vc_column width=&#8221;5\/6&#8243; offset=&#8221;vc_col-sm-offset-1&#8243;][vc_row_inner][vc_column_inner offset=&#8221;vc_col-md-6&#8243; animation_type=&#8221;fadeInLeft&#8221;]<div class=\"porto-sicon-box  wpb_custom_1efe903570d178ff0a9b7bfa5febd3a4 style_1 right-icon\"><div class=\"porto-sicon-body\" ><div class=\"porto-sicon-header\"><h3 class=\"porto-sicon-title\" style=\"font-weight:600;font-size:21px;line-height:15px;\">Tasar\u0131m ve Prepress (Bask\u0131 \u00d6ncesi)<\/h3><\/div> <!-- header --><div class=\"porto-sicon-description\" style=\"color:rgba(255,255,255,0.6);\">Matbaac\u0131l\u0131\u011f\u0131n ilk a\u015famas\u0131 olan tasar\u0131m ve prepress b\u00f6l\u00fcm\u00fc, m\u00fc\u015fterilerimizin g\u00f6rsel taleplerini hayata ge\u00e7irir. Bilgisayar destekli grafik programlar\u0131 ile yap\u0131lan tasar\u0131mlar, bask\u0131 \u00f6ncesi haz\u0131rl\u0131k s\u00fcre\u00e7leri olan CTP (Computer to Plate) sistemleriyle plakalar \u00fczerine aktar\u0131l\u0131r. Bu a\u015famada her \u015feyin m\u00fckemmel olmas\u0131 sa\u011flan\u0131r.<\/div><\/div><div class=\"porto-sicon-right\"><div class=\"porto-just-icon-wrapper porto-icon none\" style=\"color:#ffffff;font-size:27px;\"><i class=\"Simple-Line-Icons-pencil\"><\/i><\/div><\/div><\/div><!-- porto-sicon-box -->[\/vc_column_inner][vc_column_inner offset=&#8221;vc_col-md-6&#8243; animation_type=&#8221;fadeInRight&#8221;]<div class=\"porto-sicon-box  wpb_custom_1efe903570d178ff0a9b7bfa5febd3a4 style_1 right-icon\"><div class=\"porto-sicon-body\" ><div class=\"porto-sicon-header\"><h3 class=\"porto-sicon-title\" style=\"font-weight:600;font-size:21px;line-height:15px;\">Ofset Bask\u0131<\/h3><\/div> <!-- header --><div class=\"porto-sicon-description\" style=\"color:rgba(255,255,255,0.6);\">Y\u00fcksek hacimli bask\u0131 i\u015flerinde profesyonel \u00e7\u00f6z\u00fcmler sunan ofset bask\u0131 makinelerimiz, net ve kaliteli sonu\u00e7lar \u00fcretir. Tabaka ofset ve web ofset teknolojileri ile hem k\u00fc\u00e7\u00fck hem de b\u00fcy\u00fck formatl\u0131 bask\u0131lar sorunsuzca ger\u00e7ekle\u015ftirilir.<\/div><\/div><div class=\"porto-sicon-right\"><div class=\"porto-just-icon-wrapper porto-icon none\" style=\"color:#ffffff;font-size:27px;\"><i class=\"Simple-Line-Icons-printer\"><\/i><\/div><\/div><\/div><!-- porto-sicon-box -->[\/vc_column_inner][vc_column_inner animation_delay=&#8221;200&#8243; offset=&#8221;vc_col-md-6&#8243; animation_type=&#8221;fadeInLeft&#8221;]<div class=\"porto-sicon-box  wpb_custom_1efe903570d178ff0a9b7bfa5febd3a4 style_1 right-icon\"><div class=\"porto-sicon-body\" ><div class=\"porto-sicon-header\"><h3 class=\"porto-sicon-title\" style=\"font-weight:600;font-size:21px;line-height:15px;\">Dijital Bask\u0131<\/h3><\/div> <!-- header --><div class=\"porto-sicon-description\" style=\"color:rgba(255,255,255,0.6);\">H\u0131zl\u0131 ve d\u00fc\u015f\u00fck tirajl\u0131 i\u015flerde dijital bask\u0131 makinelerimiz devreye girer. Esneklik ve h\u0131z sunan bu makinelerle afi\u015f, bro\u015f\u00fcr, katalog gibi i\u015fleriniz i\u00e7in k\u0131sa s\u00fcrede m\u00fckemmel sonu\u00e7lar al\u0131rs\u0131n\u0131z.<\/div><\/div><div class=\"porto-sicon-right\"><div class=\"porto-just-icon-wrapper porto-icon none\" style=\"color:#ffffff;font-size:27px;\"><i class=\"Simple-Line-Icons-screen-desktop\"><\/i><\/div><\/div><\/div><!-- porto-sicon-box -->[\/vc_column_inner][vc_column_inner animation_delay=&#8221;200&#8243; offset=&#8221;vc_col-md-6&#8243; animation_type=&#8221;fadeInRight&#8221;]<div class=\"porto-sicon-box  wpb_custom_1efe903570d178ff0a9b7bfa5febd3a4 style_1 right-icon\"><div class=\"porto-sicon-body\" ><div class=\"porto-sicon-header\"><h3 class=\"porto-sicon-title\" style=\"font-weight:600;font-size:21px;line-height:15px;\">Serigrafi Bask\u0131<\/h3><\/div> <!-- header --><div class=\"porto-sicon-description\" style=\"color:rgba(255,255,255,0.6);\">Promosyon \u00fcr\u00fcnlerinde tercih edilen serigrafi bask\u0131 teknolojimiz, \u00e7e\u015fitli y\u00fczeyler \u00fczerine dayan\u0131kl\u0131 ve y\u00fcksek kaliteli bask\u0131lar yapar. Ti\u015f\u00f6rt, \u00e7anta gibi farkl\u0131 materyaller \u00fczerine bask\u0131 \u00e7\u00f6z\u00fcmleri sunuyoruz.<\/div><\/div><div class=\"porto-sicon-right\"><div class=\"porto-just-icon-wrapper porto-icon none\" style=\"color:#ffffff;font-size:27px;\"><i class=\"Simple-Line-Icons-star\"><\/i><\/div><\/div><\/div><!-- porto-sicon-box -->[\/vc_column_inner][vc_column_inner animation_delay=&#8221;400&#8243; offset=&#8221;vc_col-md-6&#8243; animation_type=&#8221;fadeInLeft&#8221;]<div class=\"porto-sicon-box  wpb_custom_1efe903570d178ff0a9b7bfa5febd3a4 style_1 right-icon\"><div class=\"porto-sicon-body\" ><div class=\"porto-sicon-header\"><h3 class=\"porto-sicon-title\" style=\"font-weight:600;font-size:21px;line-height:15px;\">Flekso Bask\u0131<\/h3><\/div> <!-- header --><div class=\"porto-sicon-description\" style=\"color:rgba(255,255,255,0.6);\">Ambalaj ve etiket bask\u0131lar\u0131nda kullan\u0131lan flekso bask\u0131 makinelerimiz, esnek ve plastik malzemeler \u00fczerinde dahi net ve kaliteli sonu\u00e7lar verir. Ambalaj \u00e7\u00f6z\u00fcmleriniz i\u00e7in en uygun bask\u0131 teknolojisini sa\u011fl\u0131yoruz.<\/div><\/div><div class=\"porto-sicon-right\"><div class=\"porto-just-icon-wrapper porto-icon none\" style=\"color:#ffffff;font-size:27px;\"><i class=\"Simple-Line-Icons-drop\"><\/i><\/div><\/div><\/div><!-- porto-sicon-box -->[\/vc_column_inner][vc_column_inner animation_delay=&#8221;400&#8243; offset=&#8221;vc_col-md-6&#8243; animation_type=&#8221;fadeInRight&#8221;]<div class=\"porto-sicon-box  wpb_custom_1efe903570d178ff0a9b7bfa5febd3a4 style_1 right-icon\"><div class=\"porto-sicon-body\" ><div class=\"porto-sicon-header\"><h3 class=\"porto-sicon-title\" style=\"font-weight:600;font-size:21px;line-height:15px;\">Lak ve Kaplama<\/h3><\/div> <!-- header --><div class=\"porto-sicon-description\" style=\"color:rgba(255,255,255,0.6);\">Bask\u0131 sonras\u0131 uygulanan lak ve kaplama i\u015flemleri ile \u00fcr\u00fcnlerinize estetik bir g\u00f6r\u00fcn\u00fcm kazand\u0131r\u0131yoruz. Parlak, mat ya da dokulu kaplamalarla \u00fcr\u00fcnlerinizi daha dayan\u0131kl\u0131 ve dikkat \u00e7ekici hale getiriyoruz.<\/div><\/div><div class=\"porto-sicon-right\"><div class=\"porto-just-icon-wrapper porto-icon none\" style=\"color:#ffffff;font-size:27px;\"><i class=\"Simple-Line-Icons-mouse\"><\/i><\/div><\/div><\/div><!-- porto-sicon-box -->[\/vc_column_inner][\/vc_row_inner][vc_row_inner][vc_column_inner offset=&#8221;vc_col-md-6&#8243; animation_type=&#8221;fadeInLeft&#8221;]<div class=\"porto-sicon-box  wpb_custom_1efe903570d178ff0a9b7bfa5febd3a4 style_1 right-icon\"><div class=\"porto-sicon-body\" ><div class=\"porto-sicon-header\"><h3 class=\"porto-sicon-title\" style=\"font-weight:600;font-size:21px;line-height:15px;\">Kesim ve Kal\u0131p Kesim<\/h3><\/div> <!-- header --><div class=\"porto-sicon-description\" style=\"color:rgba(255,255,255,0.6);\">Bask\u0131 sonras\u0131 i\u015flerde ihtiya\u00e7 duydu\u011funuz \u00f6zel kesim i\u015flemleri i\u00e7in kal\u0131p kesim (die-cutting) ve standart kesim makinelerimiz hizmetinizde. Kutular, bro\u015f\u00fcrler ve di\u011fer bas\u0131l\u0131 materyalleriniz istenilen \u015fekil ve boyutlarda titizlikle kesilir.<\/div><\/div><div class=\"porto-sicon-right\"><div class=\"porto-just-icon-wrapper porto-icon none\" style=\"color:#ffffff;font-size:27px;\"><i class=\"Simple-Line-Icons-user-following\"><\/i><\/div><\/div><\/div><!-- porto-sicon-box -->[\/vc_column_inner][vc_column_inner offset=&#8221;vc_col-md-6&#8243; animation_type=&#8221;fadeInRight&#8221;]<div class=\"porto-sicon-box  wpb_custom_1efe903570d178ff0a9b7bfa5febd3a4 style_1 right-icon\"><div class=\"porto-sicon-body\" ><div class=\"porto-sicon-header\"><h3 class=\"porto-sicon-title\" style=\"font-weight:600;font-size:21px;line-height:15px;\">K\u0131r\u0131m ve Katlama<\/h3><\/div> <!-- header --><div class=\"porto-sicon-description\" style=\"color:rgba(255,255,255,0.6);\">Bask\u0131l\u0131 materyallerin d\u00fczenlenmesi ve bro\u015f\u00fcr, katalog gibi \u00fcr\u00fcnlerin profesyonel \u015fekilde katlanmas\u0131 i\u00e7in modern k\u0131r\u0131m ve katlama makineleri kullan\u0131yoruz. Her \u00fcr\u00fcn, m\u00fckemmel bir son dokunu\u015fla sunuma haz\u0131rlan\u0131r.<\/div><\/div><div class=\"porto-sicon-right\"><div class=\"porto-just-icon-wrapper porto-icon none\" style=\"color:#ffffff;font-size:27px;\"><i class=\"Simple-Line-Icons-layers\"><\/i><\/div><\/div><\/div><!-- porto-sicon-box -->[\/vc_column_inner][vc_column_inner animation_delay=&#8221;200&#8243; offset=&#8221;vc_col-md-6&#8243; animation_type=&#8221;fadeInLeft&#8221;]<div class=\"porto-sicon-box  wpb_custom_1efe903570d178ff0a9b7bfa5febd3a4 style_1 right-icon\"><div class=\"porto-sicon-body\" ><div class=\"porto-sicon-header\"><h3 class=\"porto-sicon-title\" style=\"font-weight:600;font-size:21px;line-height:15px;\">Ciltleme ve Yap\u0131\u015ft\u0131rma<\/h3><\/div> <!-- header --><div class=\"porto-sicon-description\" style=\"color:rgba(255,255,255,0.6);\">Kitap, dergi ve kataloglar\u0131n\u0131z\u0131 bir arada tutmak i\u00e7in \u00e7e\u015fitli ciltleme y\u00f6ntemleri kullan\u0131yoruz. Tel diki\u015f, yap\u0131\u015ft\u0131rma (perfect binding) ve spiral ciltleme se\u00e7enekleriyle bask\u0131l\u0131 materyallerinizi uzun \u00f6m\u00fcrl\u00fc hale getiriyoruz.<\/div><\/div><div class=\"porto-sicon-right\"><div class=\"porto-just-icon-wrapper porto-icon none\" style=\"color:#ffffff;font-size:27px;\"><i class=\"Simple-Line-Icons-drop\"><\/i><\/div><\/div><\/div><!-- porto-sicon-box -->[\/vc_column_inner][vc_column_inner animation_delay=&#8221;200&#8243; offset=&#8221;vc_col-md-6&#8243; animation_type=&#8221;fadeInRight&#8221;]<div class=\"porto-sicon-box  wpb_custom_1efe903570d178ff0a9b7bfa5febd3a4 style_1 right-icon\"><div class=\"porto-sicon-body\" ><div class=\"porto-sicon-header\"><h3 class=\"porto-sicon-title\" style=\"font-weight:600;font-size:21px;line-height:15px;\">Ambalaj ve Paketleme<\/h3><\/div> <!-- header --><div class=\"porto-sicon-description\" style=\"color:rgba(255,255,255,0.6);\">Bask\u0131 sonras\u0131 \u00fcr\u00fcnlerinizin g\u00fcvenle size ula\u015fmas\u0131 i\u00e7in \u00f6zel ambalaj ve paketleme i\u015flemleri uyguluyoruz. Her \u00fcr\u00fcn, hasars\u0131z bir \u015fekilde teslim edilmek \u00fczere dikkatle haz\u0131rlan\u0131r.<\/div><\/div><div class=\"porto-sicon-right\"><div class=\"porto-just-icon-wrapper porto-icon none\" style=\"color:#ffffff;font-size:27px;\"><i class=\"Simple-Line-Icons-star\"><\/i><\/div><\/div><\/div><!-- porto-sicon-box -->[\/vc_column_inner][\/vc_row_inner][\/vc_column][\/vc_row]<\/p>\n<\/div>","protected":false},"excerpt":{"rendered":"<p>[vc_row wrap_container=&#8221;yes&#8221; is_section=&#8221;yes&#8221; section_skin=&#8221;parallax&#8221; remove_margin_top=&#8221;yes&#8221; remove_margin_bottom=&#8221;yes&#8221; remove_border=&#8221;yes&#8221; css=&#8221;.vc_custom_1543838395858{padding-top: 80px !important;}&#8221;][vc_column width=&#8221;1\/3&#8243; animation_type=&#8221;fadeIn&#8221;][\/vc_column][vc_column width=&#8221;1\/3&#8243; animation_delay=&#8221;250&#8243; animation_type=&#8221;fadeIn&#8221;][\/vc_column][vc_column width=&#8221;1\/3&#8243; animation_delay=&#8221;500&#8243; animation_type=&#8221;fadeIn&#8221;][\/vc_column][\/vc_row][vc_row wrap_container=&#8221;yes&#8221; is_section=&#8221;yes&#8221; section_skin=&#8221;parallax&#8221; remove_margin_top=&#8221;yes&#8221; remove_margin_bottom=&#8221;yes&#8221; remove_border=&#8221;yes&#8221; css=&#8221;.vc_custom_1726841991118{padding-top: 40px !important;}&#8221; conditional_render=&#8221;%5B%7B%22value_role%22%3A%22administrator%22%7D%5D&#8221;][vc_column width=&#8221;1\/3&#8243; animation_type=&#8221;fadeIn&#8221;][\/vc_column][vc_column width=&#8221;1\/3&#8243; animation_delay=&#8221;250&#8243; animation_type=&#8221;fadeIn&#8221;][\/vc_column][vc_column width=&#8221;1\/3&#8243; animation_delay=&#8221;500&#8243; animation_type=&#8221;fadeIn&#8221;][\/vc_column][\/vc_row][vc_row wrap_container=&#8221;yes&#8221; is_section=&#8221;yes&#8221; section_skin=&#8221;parallax&#8221; remove_margin_top=&#8221;yes&#8221; remove_margin_bottom=&#8221;yes&#8221; remove_border=&#8221;yes&#8221; css=&#8221;.vc_custom_1726841999648{padding-top: 40px !important;}&#8221; conditional_render=&#8221;%5B%7B%22value_role%22%3A%22administrator%22%7D%5D&#8221;][vc_column width=&#8221;1\/3&#8243; animation_type=&#8221;fadeIn&#8221;][\/vc_column][vc_column width=&#8221;1\/3&#8243; animation_delay=&#8221;250&#8243; animation_type=&#8221;fadeIn&#8221;][\/vc_column][vc_column width=&#8221;1\/3&#8243; animation_delay=&#8221;500&#8243; animation_type=&#8221;fadeIn&#8221;][\/vc_column][\/vc_row][vc_row wrap_container=&#8221;yes&#8221; [&hellip;]<\/p>\n","protected":false},"author":1,"featured_media":0,"parent":0,"menu_order":0,"comment_status":"closed","ping_status":"closed","template":"","meta":{"_joinchat":[],"footnotes":""},"class_list":["post-1762","page","type-page","status-publish","hentry"],"_links":{"self":[{"href":"https:\/\/www.everestbasim.com.tr\/index.php?rest_route=\/wp\/v2\/pages\/1762","targetHints":{"allow":["GET"]}}],"collection":[{"href":"https:\/\/www.everestbasim.com.tr\/index.php?rest_route=\/wp\/v2\/pages"}],"about":[{"href":"https:\/\/www.everestbasim.com.tr\/index.php?rest_route=\/wp\/v2\/types\/page"}],"author":[{"embeddable":true,"href":"https:\/\/www.everestbasim.com.tr\/index.php?rest_route=\/wp\/v2\/users\/1"}],"replies":[{"embeddable":true,"href":"https:\/\/www.everestbasim.com.tr\/index.php?rest_route=%2Fwp%2Fv2%2Fcomments&post=1762"}],"version-history":[{"count":14,"href":"https:\/\/www.everestbasim.com.tr\/index.php?rest_route=\/wp\/v2\/pages\/1762\/revisions"}],"predecessor-version":[{"id":3055,"href":"https:\/\/www.everestbasim.com.tr\/index.php?rest_route=\/wp\/v2\/pages\/1762\/revisions\/3055"}],"wp:attachment":[{"href":"https:\/\/www.everestbasim.com.tr\/index.php?rest_route=%2Fwp%2Fv2%2Fmedia&parent=1762"}],"curies":[{"name":"wp","href":"https:\/\/api.w.org\/{rel}","templated":true}]}}