{"id":3044,"date":"2025-01-14T17:27:18","date_gmt":"2025-01-14T14:27:18","guid":{"rendered":"https:\/\/www.everestbasim.com.tr\/?page_id=3044"},"modified":"2025-01-14T17:45:22","modified_gmt":"2025-01-14T14:45:22","slug":"iletisim","status":"publish","type":"page","link":"https:\/\/www.everestbasim.com.tr\/?page_id=3044","title":{"rendered":"\u0130leti\u015fim"},"content":{"rendered":"<div class=\"wpb-content-wrapper\"><p>[vc_column][\/vc_column][vc_raw_html css=&#8221;&#8221;]JTNDaWZyYW1lJTIwc3JjJTNEJTIyaHR0cHMlM0ElMkYlMkZ3d3cuZ29vZ2xlLmNvbSUyRm1hcHMlMkZlbWJlZCUzRnBiJTNEJTIxMW0xOCUyMTFtMTIlMjExbTMlMjExZDMwMTAuMDE5MDExMTA5MjYzJTIxMmQyOC45MTU5MDg5NzYzODcxNDQlMjEzZDQxLjAyNDg0MDAxODQwNDQ2JTIxMm0zJTIxMWYwJTIxMmYwJTIxM2YwJTIxM20yJTIxMWkxMDI0JTIxMmk3NjglMjE0ZjEzLjElMjEzbTMlMjExbTIlMjExczB4MTRjYWJiOTA2MmMxODNkNSUyNTNBMHg3NzFiNWQ0OWFmNDY5NmQlMjEyc0V2ZXJlc3QlMjUyMEJhcyUyNUM0JTI1QjFtJTI1MjBSZWtsYW0lMjUyMHZlJTI1MjBNYXRiYWElMjUyMEhpem1ldGxlcmklMjUyMFNhbi4lMjUyMHZlJTI1MjBUaWMuJTI1MjBMdGQuJTI1MjAlMjVDNSUyNTlFdGkuJTIxNWUwJTIxM20yJTIxMXN0ciUyMTJzdHIlMjE0djE3MzY4NjQ0NzQ5MjUlMjE1bTIlMjExc3RyJTIxMnN0ciUyMiUyMHdpZHRoJTNEJTIyMTAwJTI1JTIyJTIwaGVpZ2h0JTNEJTIyNDUwJTIyJTIwc3R5bGUlM0QlMjJib3JkZXIlM0EwJTNCJTIyJTIwYWxsb3dmdWxsc2NyZWVuJTNEJTIyJTIyJTIwbG9hZGluZyUzRCUyMmxhenklMjIlMjByZWZlcnJlcnBvbGljeSUzRCUyMm5vLXJlZmVycmVyLXdoZW4tZG93bmdyYWRlJTIyJTNFJTNDJTJGaWZyYW1lJTNF[\/vc_raw_html][vc_row wrap_container=&#8221;yes&#8221; el_class=&#8221;m-b-xl&#8221;][vc_column width=&#8221;1\/2&#8243;]<div class=\"wpb_custom_8e39365fa00ded789edeaf348f33ca36\">\n<div class=\"wpcf7 no-js\" id=\"wpcf7-f74-o1\" lang=\"en-US\" dir=\"ltr\" data-wpcf7-id=\"74\">\n<div class=\"screen-reader-response\"><p role=\"status\" aria-live=\"polite\" aria-atomic=\"true\"><\/p> <ul><\/ul><\/div>\n<form action=\"\/index.php?rest_route=%2Fwp%2Fv2%2Fpages%2F3044#wpcf7-f74-o1\" method=\"post\" class=\"wpcf7-form init\" aria-label=\"Contact form\" novalidate=\"novalidate\" data-status=\"init\">\n<fieldset class=\"hidden-fields-container\"><input type=\"hidden\" name=\"_wpcf7\" value=\"74\" \/><input type=\"hidden\" name=\"_wpcf7_version\" value=\"6.1.1\" \/><input type=\"hidden\" name=\"_wpcf7_locale\" value=\"en_US\" \/><input type=\"hidden\" name=\"_wpcf7_unit_tag\" value=\"wpcf7-f74-o1\" \/><input type=\"hidden\" name=\"_wpcf7_container_post\" value=\"0\" \/><input type=\"hidden\" name=\"_wpcf7_posted_data_hash\" value=\"\" \/>\n<\/fieldset>\n<h2 class=\"short mb-2\"><b>Bize<\/b> Yaz\u0131n<\/h2>\n<p class=\"mb-5\">Ayr\u0131nt\u0131lar\u0131 sormaktan \u00e7ekinmeyin!<\/p>\n<div class=\"row form-row\">\n    <div class=\"col-lg-6\">\n        <div class=\"form-group\">\n            <label for=\"contact-name\" class=\"font-weight-bold text-dark\">\u0130sminiz *<\/label>\n            <span class=\"wpcf7-form-control-wrap\" data-name=\"your-name\"><input size=\"40\" maxlength=\"400\" class=\"wpcf7-form-control wpcf7-text wpcf7-validates-as-required form-control\" id=\"contact-name\" aria-required=\"true\" aria-invalid=\"false\" value=\"\" type=\"text\" name=\"your-name\" \/><\/span>\n        <\/div>\n    <\/div>\n    <div class=\"col-lg-6\">\n        <div class=\"form-group\">\n            <label for=\"contact-email\" class=\"font-weight-bold text-dark\">E-posta *<\/label>\n            <span class=\"wpcf7-form-control-wrap\" data-name=\"your-email\"><input size=\"40\" maxlength=\"400\" class=\"wpcf7-form-control wpcf7-email wpcf7-validates-as-required wpcf7-text wpcf7-validates-as-email form-control\" id=\"contact-email\" aria-required=\"true\" aria-invalid=\"false\" value=\"\" type=\"email\" name=\"your-email\" \/><\/span>\n        <\/div>\n    <\/div>\n    <div class=\"col-lg-12\">\n        <div class=\"form-group\">\n            <label for=\"contact-subject\" class=\"font-weight-bold text-dark\">Konu<\/label>\n            <span class=\"wpcf7-form-control-wrap\" data-name=\"your-subject\"><input size=\"40\" maxlength=\"400\" class=\"wpcf7-form-control wpcf7-text form-control\" id=\"contact-subject\" aria-invalid=\"false\" value=\"\" type=\"text\" name=\"your-subject\" \/><\/span>\n        <\/div>\n    <\/div>\n    <div class=\"col-lg-12\">\n        <div class=\"form-group\">\n            <label for=\"contact-message\" class=\"font-weight-bold text-dark\">Sorunuz<\/label>\n            <span class=\"wpcf7-form-control-wrap\" data-name=\"your-message\"><textarea cols=\"40\" rows=\"10\" maxlength=\"2000\" class=\"wpcf7-form-control wpcf7-textarea form-control\" id=\"contact-message\" aria-invalid=\"false\" name=\"your-message\"><\/textarea><\/span>\n        <\/div>\n    <\/div>\n    <div class=\"col-lg-12\">\n        <div class=\"form-group\">\n            <input class=\"wpcf7-form-control wpcf7-submit has-spinner btn btn-primary btn-modern\" type=\"submit\" value=\"G\u00f6nder\" \/>\n        <\/div>\n    <\/div>\n<\/div><div class=\"wpcf7-response-output\" aria-hidden=\"true\"><\/div>\n<\/form>\n<\/div>\n<\/div>[\/vc_column][vc_column width=&#8221;1\/2&#8243; el_class=&#8221;info-box-small&#8221;][vc_custom_heading text=&#8221;Bize <strong>Ula\u015f\u0131n<\/strong>&#8221; font_container=&#8221;tag:h4|text_align:left&#8221; use_theme_fonts=&#8221;yes&#8221; css=&#8221;&#8221; skin=&#8221;dark&#8221;]<div class=\"porto-sicon-box  wpb_custom_991192e517ba80822b25b68bbbc51b14 style_1 default-icon\"><div class=\"porto-sicon-default\"><div class=\"porto-just-icon-wrapper porto-icon advanced\" style=\"color:#0088cc;border-style:solid;border-color:#0088cc;border-width:1px;width:25px;height:25px;line-height:25px;border-radius:25px;font-size:12px;\"><i class=\"fas fa-map-marker-alt\"><\/i><\/div><\/div><div class=\"porto-sicon-header\"><p><strong>Adres:<\/strong> Maltepe Mah. Litros Yolu Sokak 2. Matbaac\u0131lar Sitesi 5. Kat F Blok No: 3NF7 Zeytinburnu \u2013 \u0130stanbul<\/p><\/div> <!-- header --><\/div><!-- porto-sicon-box --><div class=\"porto-sicon-box  wpb_custom_991192e517ba80822b25b68bbbc51b14 style_1 default-icon\"><div class=\"porto-sicon-default\"><div class=\"porto-just-icon-wrapper porto-icon advanced\" style=\"color:#0088cc;border-style:solid;border-color:#0088cc;border-width:1px;width:25px;height:25px;line-height:25px;border-radius:25px;font-size:12px;\"><i class=\"fas fa-phone\"><\/i><\/div><\/div><div class=\"porto-sicon-header\"><p><strong>Telefon<\/strong>: +90 212 434 51 34<\/p><\/div> <!-- header --><\/div><!-- porto-sicon-box --><div class=\"porto-sicon-box  wpb_custom_991192e517ba80822b25b68bbbc51b14 style_1 default-icon\"><div class=\"porto-sicon-default\"><div class=\"porto-just-icon-wrapper porto-icon advanced\" style=\"color:#0088cc;border-style:solid;border-color:#0088cc;border-width:1px;width:25px;height:25px;line-height:25px;border-radius:25px;font-size:12px;\"><i class=\"far fa-envelope\"><\/i><\/div><\/div><div class=\"porto-sicon-header\"><p><strong>E-posta<\/strong>: info@everestbasim.com<\/p><\/div> <!-- header --><\/div><!-- porto-sicon-box -->[vc_custom_heading text=&#8221;\u00c7al\u0131\u015fma <strong>Saatlerimiz<\/strong>&#8221; font_container=&#8221;tag:h4|text_align:left&#8221; use_theme_fonts=&#8221;yes&#8221; css=&#8221;&#8221; skin=&#8221;dark&#8221; el_class=&#8221;mt-5&#8243;]<div class=\"porto-sicon-box  wpb_custom_991192e517ba80822b25b68bbbc51b14 style_1 default-icon\"><div class=\"porto-sicon-default\"><div class=\"porto-just-icon-wrapper porto-icon none\" style=\"font-size:14px;\"><i class=\"far fa-clock\"><\/i><\/div><\/div><div class=\"porto-sicon-header\"><p>Pazartesi - Cuma 9.00 - 18.00<\/p><\/div> <!-- header --><\/div><!-- porto-sicon-box --><div class=\"porto-sicon-box  wpb_custom_991192e517ba80822b25b68bbbc51b14 style_1 default-icon\"><div class=\"porto-sicon-default\"><div class=\"porto-just-icon-wrapper porto-icon none\" style=\"font-size:14px;\"><i class=\"far fa-clock\"><\/i><\/div><\/div><div class=\"porto-sicon-header\"><p>Cumartesi - 09.00 - 14.00<\/p><\/div> <!-- header --><\/div><!-- porto-sicon-box --><div class=\"porto-sicon-box  wpb_custom_991192e517ba80822b25b68bbbc51b14 style_1 default-icon\"><div class=\"porto-sicon-default\"><div class=\"porto-just-icon-wrapper porto-icon none\" style=\"font-size:14px;\"><i class=\"far fa-clock\"><\/i><\/div><\/div><div class=\"porto-sicon-header\"><p>Pazar - Kapal\u0131<\/p><\/div> <!-- header --><\/div><!-- porto-sicon-box -->[vc_custom_heading text=&#8221;Bizimle <strong>\u0130leti\u015fime Ge\u00e7in<\/strong>&#8221; font_container=&#8221;tag:h4|text_align:left&#8221; use_theme_fonts=&#8221;yes&#8221; css=&#8221;&#8221; skin=&#8221;dark&#8221; el_class=&#8221;mt-5&#8243;][vc_column_text css=&#8221;&#8221;]<\/p>\n<p class=\"lead font-size-lg\">Y\u00fcksek kaliteli bask\u0131 hizmetlerimizle ihtiya\u00e7lar\u0131n\u0131za \u00e7\u00f6z\u00fcmler sunuyoruz. Profesyonel ve h\u0131zl\u0131 hizmetlerimizle projenizi en iyi \u015fekilde hayata ge\u00e7irmek i\u00e7in buraday\u0131z. Size en uygun \u00e7\u00f6z\u00fcm\u00fc sunmam\u0131z i\u00e7in l\u00fctfen bizimle ileti\u015fime ge\u00e7in.<\/p>\n<p>[\/vc_column_text][\/vc_column][\/vc_row][vc_row wrap_container=&#8221;yes&#8221; el_class=&#8221;call-to-action-in-footer&#8221; css=&#8221;.vc_custom_1542186798701{background-color: #f7f7f7 !important;}&#8221;][vc_column][vc_cta h2=&#8221;30 Y\u0131ll\u0131k Tecr\u00fcbe ile Sekt\u00f6r Liderlerine Hizmet Veriyoruz&#8221; txt_align=&#8221;center&#8221; shape=&#8221;square&#8221; style=&#8221;flat&#8221; color=&#8221;white&#8221; add_button=&#8221;right&#8221; btn_title=&#8221;Bizimle Tan\u0131\u015f\u0131n&#8221; btn_style=&#8221;modern&#8221; btn_color=&#8221;primary&#8221; btn_size=&#8221;lg&#8221; btn_align=&#8221;center&#8221; btn_skin=&#8221;dark&#8221; btn_show_arrow=&#8221;yes&#8221; css=&#8221;.vc_custom_1543830813350{background-color: #f7f7f7 !important;}&#8221; btn_el_class=&#8221;btn-call-to-action&#8221; el_class=&#8221;mb-0&#8243;] Everest Bas\u0131m olarak, y\u0131llard\u0131r bir\u00e7ok sekt\u00f6rden \u00f6nemli markalara y\u00fcksek kaliteli bask\u0131 ve ambalaj \u00e7\u00f6z\u00fcmleri sunuyoruz.[\/vc_cta][\/vc_column][\/vc_row]<\/p>\n<\/div>","protected":false},"excerpt":{"rendered":"<p>[vc_column][\/vc_column][vc_raw_html css=&#8221;&#8221;]JTNDaWZyYW1lJTIwc3JjJTNEJTIyaHR0cHMlM0ElMkYlMkZ3d3cuZ29vZ2xlLmNvbSUyRm1hcHMlMkZlbWJlZCUzRnBiJTNEJTIxMW0xOCUyMTFtMTIlMjExbTMlMjExZDMwMTAuMDE5MDExMTA5MjYzJTIxMmQyOC45MTU5MDg5NzYzODcxNDQlMjEzZDQxLjAyNDg0MDAxODQwNDQ2JTIxMm0zJTIxMWYwJTIxMmYwJTIxM2YwJTIxM20yJTIxMWkxMDI0JTIxMmk3NjglMjE0ZjEzLjElMjEzbTMlMjExbTIlMjExczB4MTRjYWJiOTA2MmMxODNkNSUyNTNBMHg3NzFiNWQ0OWFmNDY5NmQlMjEyc0V2ZXJlc3QlMjUyMEJhcyUyNUM0JTI1QjFtJTI1MjBSZWtsYW0lMjUyMHZlJTI1MjBNYXRiYWElMjUyMEhpem1ldGxlcmklMjUyMFNhbi4lMjUyMHZlJTI1MjBUaWMuJTI1MjBMdGQuJTI1MjAlMjVDNSUyNTlFdGkuJTIxNWUwJTIxM20yJTIxMXN0ciUyMTJzdHIlMjE0djE3MzY4NjQ0NzQ5MjUlMjE1bTIlMjExc3RyJTIxMnN0ciUyMiUyMHdpZHRoJTNEJTIyMTAwJTI1JTIyJTIwaGVpZ2h0JTNEJTIyNDUwJTIyJTIwc3R5bGUlM0QlMjJib3JkZXIlM0EwJTNCJTIyJTIwYWxsb3dmdWxsc2NyZWVuJTNEJTIyJTIyJTIwbG9hZGluZyUzRCUyMmxhenklMjIlMjByZWZlcnJlcnBvbGljeSUzRCUyMm5vLXJlZmVycmVyLXdoZW4tZG93bmdyYWRlJTIyJTNFJTNDJTJGaWZyYW1lJTNF[\/vc_raw_html][vc_row wrap_container=&#8221;yes&#8221; el_class=&#8221;m-b-xl&#8221;][vc_column width=&#8221;1\/2&#8243;][\/vc_column][vc_column width=&#8221;1\/2&#8243; el_class=&#8221;info-box-small&#8221;][vc_custom_heading text=&#8221;Bize Ula\u015f\u0131n&#8221; font_container=&#8221;tag:h4|text_align:left&#8221; use_theme_fonts=&#8221;yes&#8221; css=&#8221;&#8221; skin=&#8221;dark&#8221;][vc_custom_heading text=&#8221;\u00c7al\u0131\u015fma Saatlerimiz&#8221; font_container=&#8221;tag:h4|text_align:left&#8221; use_theme_fonts=&#8221;yes&#8221; css=&#8221;&#8221; skin=&#8221;dark&#8221; el_class=&#8221;mt-5&#8243;][vc_custom_heading text=&#8221;Bizimle \u0130leti\u015fime Ge\u00e7in&#8221; font_container=&#8221;tag:h4|text_align:left&#8221; use_theme_fonts=&#8221;yes&#8221; css=&#8221;&#8221; skin=&#8221;dark&#8221; el_class=&#8221;mt-5&#8243;][vc_column_text css=&#8221;&#8221;] Y\u00fcksek kaliteli bask\u0131 hizmetlerimizle ihtiya\u00e7lar\u0131n\u0131za \u00e7\u00f6z\u00fcmler sunuyoruz. Profesyonel ve h\u0131zl\u0131 hizmetlerimizle projenizi en iyi \u015fekilde hayata ge\u00e7irmek i\u00e7in buraday\u0131z. Size en uygun \u00e7\u00f6z\u00fcm\u00fc sunmam\u0131z i\u00e7in l\u00fctfen [&hellip;]<\/p>\n","protected":false},"author":1,"featured_media":0,"parent":0,"menu_order":0,"comment_status":"closed","ping_status":"closed","template":"","meta":{"_joinchat":[],"footnotes":""},"class_list":["post-3044","page","type-page","status-publish","hentry"],"_links":{"self":[{"href":"https:\/\/www.everestbasim.com.tr\/index.php?rest_route=\/wp\/v2\/pages\/3044","targetHints":{"allow":["GET"]}}],"collection":[{"href":"https:\/\/www.everestbasim.com.tr\/index.php?rest_route=\/wp\/v2\/pages"}],"about":[{"href":"https:\/\/www.everestbasim.com.tr\/index.php?rest_route=\/wp\/v2\/types\/page"}],"author":[{"embeddable":true,"href":"https:\/\/www.everestbasim.com.tr\/index.php?rest_route=\/wp\/v2\/users\/1"}],"replies":[{"embeddable":true,"href":"https:\/\/www.everestbasim.com.tr\/index.php?rest_route=%2Fwp%2Fv2%2Fcomments&post=3044"}],"version-history":[{"count":8,"href":"https:\/\/www.everestbasim.com.tr\/index.php?rest_route=\/wp\/v2\/pages\/3044\/revisions"}],"predecessor-version":[{"id":3053,"href":"https:\/\/www.everestbasim.com.tr\/index.php?rest_route=\/wp\/v2\/pages\/3044\/revisions\/3053"}],"wp:attachment":[{"href":"https:\/\/www.everestbasim.com.tr\/index.php?rest_route=%2Fwp%2Fv2%2Fmedia&parent=3044"}],"curies":[{"name":"wp","href":"https:\/\/api.w.org\/{rel}","templated":true}]}}