{"id":67,"date":"2016-06-14T05:20:40","date_gmt":"2016-06-14T05:20:40","guid":{"rendered":"http:\/\/sw-themes.com\/porto_dummy\/?page_id=67"},"modified":"2025-01-14T17:12:41","modified_gmt":"2025-01-14T14:12:41","slug":"services","status":"publish","type":"page","link":"https:\/\/www.everestbasim.com.tr\/?page_id=67","title":{"rendered":"Hizmetlerimiz"},"content":{"rendered":"<div class=\"wpb-content-wrapper\"><p>[vc_row wrap_container=&#8221;yes&#8221; css=&#8221;.vc_custom_1543831225971{padding-top: 50px !important;}&#8221;][vc_column]<div class=\"porto-u-heading  wpb_custom_95aa9a11c17ad45cfabaf210d84ee7cc porto-u-4507 \" data-appear-animation=\"maskUp\" data-appear-animation-delay=\"100\"><div class=\"porto-u-main-heading\"><h2   style=\"font-weight:700;font-size:32px;line-height:42px;\">Hizmet \u0130\u00e7in Buraday\u0131z<\/h2><\/div><style>.porto-u-4507.porto-u-heading{text-align:left}<\/style><\/div>[\/vc_column][\/vc_row][vc_row wrap_container=&#8221;yes&#8221;][vc_column offset=&#8221;vc_col-md-10 vc_col-xs-12&#8243;][vc_column_text css=&#8221;&#8221; el_class=&#8221;lead&#8221;]&#8221;Firmam\u0131z, 30 y\u0131l\u0131 a\u015fk\u0131n s\u00fcredir sekt\u00f6rde edindi\u011fi tecr\u00fcbeyle m\u00fc\u015fteri memnuniyeti ve kaliteyi \u00f6n planda tutarak hizmet vermektedir. Geli\u015fen teknolojiye uyum sa\u011flayarak her projeyi zaman\u0131nda ve beklentilerin \u00f6tesinde teslim etmekteyiz.&#8221;[\/vc_column_text][\/vc_column][vc_column offset=&#8221;vc_col-md-2 vc_col-xs-12&#8243;][vc_btn title=&#8221;\u015eimdi Tan\u0131\u015f\u0131n!&#8221; style=&#8221;modern&#8221; css=&#8221;&#8221; skin=&#8221;dark&#8221;][\/vc_column][\/vc_row][vc_row wrap_container=&#8221;yes&#8221;][vc_column][vc_separator color=&#8221;custom&#8221; gap=&#8221;tall&#8221; gradient=&#8221;yes&#8221;][\/vc_column][\/vc_row][vc_row wrap_container=&#8221;yes&#8221;][vc_column width=&#8221;1\/2&#8243; animation_delay=&#8221;700&#8243; offset=&#8221;vc_col-md-4&#8243; animation_type=&#8221;fadeInLeft&#8221;]<div class=\"porto-sicon-box  vc_custom_1736863424753 mt-3 mb-5  wpb_custom_6bd3ea43243bb56571d580d187f8d1d7 style_1 top-icon\"><div class=\"porto-sicon-header\"><h3 class=\"porto-sicon-title\" style=\"font-weight:700;font-size:18px;line-height:30px;\">Ofset Bask\u0131<\/h3><\/div> <!-- header --><div class=\"porto-sicon-description\" style=\"\">B\u00fcy\u00fck tirajl\u0131 bask\u0131lar i\u00e7in uygundur.<br \/>\n\u00dcr\u00fcnler: Kataloglar, dergiler, gazeteler, afi\u015fler.<\/div> <!-- description --><\/div><!-- porto-sicon-box -->[\/vc_column][vc_column width=&#8221;1\/2&#8243; animation_delay=&#8221;900&#8243; offset=&#8221;vc_col-md-4&#8243; animation_type=&#8221;fadeInLeft&#8221;]<div class=\"porto-sicon-box  vc_custom_1736863445825 mt-3 mb-5  wpb_custom_6bd3ea43243bb56571d580d187f8d1d7 style_1 top-icon\"><div class=\"porto-sicon-header\"><h3 class=\"porto-sicon-title\" style=\"font-weight:700;font-size:18px;line-height:30px;\">Kitap ve Dergi Bask\u0131s\u0131<\/h3><\/div> <!-- header --><div class=\"porto-sicon-description\" style=\"\">Y\u00fcksek kalitede kitap, dergi ve benzeri s\u00fcreli yay\u0131nlar\u0131n bas\u0131m\u0131.<br \/>\nCiltleme, kapak tasar\u0131m\u0131 gibi hizmetlerle birlikte sunulabilir.<\/div> <!-- description --><\/div><!-- porto-sicon-box -->[\/vc_column][vc_column width=&#8221;1\/2&#8243; animation_delay=&#8221;1100&#8243; offset=&#8221;vc_col-md-4&#8243; animation_type=&#8221;fadeInLeft&#8221;]<div class=\"porto-sicon-box  vc_custom_1736863459928 mt-3 mb-5  wpb_custom_6bd3ea43243bb56571d580d187f8d1d7 style_1 top-icon\"><div class=\"porto-sicon-header\"><h3 class=\"porto-sicon-title\" style=\"font-weight:700;font-size:18px;line-height:30px;\">Bro\u015f\u00fcr ve Katalog Bask\u0131s\u0131<\/h3><\/div> <!-- header --><div class=\"porto-sicon-description\" style=\"\">\u015eirket tan\u0131t\u0131m\u0131 ve \u00fcr\u00fcn\/hizmet katalo\u011fu bask\u0131lar\u0131.<br \/>\n\u00d6zel kaplama se\u00e7enekleriyle dayan\u0131kl\u0131 hale getirilebilir.<\/div> <!-- description --><\/div><!-- porto-sicon-box -->[\/vc_column][vc_column width=&#8221;1\/2&#8243; animation_delay=&#8221;1500&#8243; offset=&#8221;vc_col-md-4&#8243; animation_type=&#8221;fadeInRight&#8221;]<div class=\"porto-sicon-box  vc_custom_1736863478351 mt-3 mb-5  wpb_custom_6bd3ea43243bb56571d580d187f8d1d7 style_1 top-icon\"><div class=\"porto-sicon-header\"><h3 class=\"porto-sicon-title\" style=\"font-weight:700;font-size:18px;line-height:30px;\">Promosyon \u00dcr\u00fcnleri Bask\u0131s\u0131<\/h3><\/div> <!-- header --><div class=\"porto-sicon-description\" style=\"\">Kupa, ti\u015f\u00f6rt, \u015fapka, ajanda, kalem gibi promosyon \u00fcr\u00fcnlerine bask\u0131.<\/div> <!-- description --><\/div><!-- porto-sicon-box -->[\/vc_column][vc_column width=&#8221;1\/2&#8243; animation_delay=&#8221;1300&#8243; offset=&#8221;vc_col-md-4&#8243; animation_type=&#8221;fadeInRight&#8221;]<div class=\"porto-sicon-box  vc_custom_1736863505347 mt-3 mb-5  wpb_custom_6bd3ea43243bb56571d580d187f8d1d7 style_1 top-icon\"><div class=\"porto-sicon-header\"><h3 class=\"porto-sicon-title\" style=\"font-weight:700;font-size:18px;line-height:30px;\"> Dijital Bask\u0131<\/h3><\/div> <!-- header --><div class=\"porto-sicon-description\" style=\"\">K\u00fc\u00e7\u00fck tirajl\u0131 i\u015flerde h\u0131zl\u0131 ve kaliteli sonu\u00e7lar i\u00e7in tercih edilir.<br \/>\n\u00dcr\u00fcnler Bro\u015f\u00fcrler, el ilanlar\u0131, kartpostallar.<\/div> <!-- description --><\/div><!-- porto-sicon-box -->[\/vc_column][vc_column width=&#8221;1\/2&#8243; animation_delay=&#8221;1100&#8243; offset=&#8221;vc_col-md-4&#8243; animation_type=&#8221;fadeInRight&#8221;]<div class=\"porto-sicon-box  vc_custom_1736863535971 mt-3 mb-5  wpb_custom_6bd3ea43243bb56571d580d187f8d1d7 style_1 top-icon\"><div class=\"porto-sicon-header\"><h3 class=\"porto-sicon-title\" style=\"font-weight:700;font-size:18px;line-height:30px;\">Davetiye Bask\u0131s\u0131<\/h3><\/div> <!-- header --><div class=\"porto-sicon-description\" style=\"\">D\u00fc\u011f\u00fcn, toplant\u0131 veya etkinlikler i\u00e7in \u00f6zel davetiye tasar\u0131m\u0131 ve bask\u0131s\u0131.<\/div> <!-- description --><\/div><!-- porto-sicon-box -->[\/vc_column][\/vc_row][vc_row wrap_container=&#8221;yes&#8221;][vc_column width=&#8221;1\/2&#8243; animation_delay=&#8221;700&#8243; offset=&#8221;vc_col-md-4&#8243; animation_type=&#8221;fadeInLeft&#8221;]<div class=\"porto-sicon-box  vc_custom_1736863807649 mt-3 mb-5  wpb_custom_6bd3ea43243bb56571d580d187f8d1d7 style_1 top-icon\"><div class=\"porto-sicon-header\"><h3 class=\"porto-sicon-title\" style=\"font-weight:700;font-size:18px;line-height:30px;\">Etiket ve Sticker Bask\u0131s\u0131<\/h3><\/div> <!-- header --><div class=\"porto-sicon-description\" style=\"\">\u00dcr\u00fcn etiketleri ve sticker bask\u0131lar\u0131.<br \/>\nKendinden yap\u0131\u015fkanl\u0131 ve suya dayan\u0131kl\u0131 se\u00e7enekler.<\/div> <!-- description --><\/div><!-- porto-sicon-box -->[\/vc_column][vc_column width=&#8221;1\/2&#8243; animation_delay=&#8221;900&#8243; offset=&#8221;vc_col-md-4&#8243; animation_type=&#8221;fadeInLeft&#8221;]<div class=\"porto-sicon-box  vc_custom_1736863813673 mt-3 mb-5  wpb_custom_6bd3ea43243bb56571d580d187f8d1d7 style_1 top-icon\"><div class=\"porto-sicon-header\"><h3 class=\"porto-sicon-title\" style=\"font-weight:700;font-size:18px;line-height:30px;\"> Ambalaj ve Kutu Bask\u0131s\u0131<\/h3><\/div> <!-- header --><div class=\"porto-sicon-description\" style=\"\">\u00dcr\u00fcn ambalajlar\u0131 ve \u00f6zel kutular i\u00e7in bask\u0131 hizmeti.<br \/>\n\u00d6zellikle kozmetik, g\u0131da ve e-ticaret sekt\u00f6rleri i\u00e7in kutu tasar\u0131mlar\u0131.<\/div> <!-- description --><\/div><!-- porto-sicon-box -->[\/vc_column][vc_column width=&#8221;1\/2&#8243; animation_delay=&#8221;1100&#8243; offset=&#8221;vc_col-md-4&#8243; animation_type=&#8221;fadeInLeft&#8221;]<div class=\"porto-sicon-box  vc_custom_1736863820629 mt-3 mb-5  wpb_custom_6bd3ea43243bb56571d580d187f8d1d7 style_1 top-icon\"><div class=\"porto-sicon-header\"><h3 class=\"porto-sicon-title\" style=\"font-weight:700;font-size:18px;line-height:30px;\">Poster ve Afi\u015f Bask\u0131s\u0131<\/h3><\/div> <!-- header --><div class=\"porto-sicon-description\" style=\"\">B\u00fcy\u00fck formatta afi\u015f ve poster bask\u0131lar\u0131.<br \/>\nD\u0131\u015f mekan kullan\u0131m\u0131na uygun kaplamalar yap\u0131labilir.<\/div> <!-- description --><\/div><!-- porto-sicon-box -->[\/vc_column][vc_column width=&#8221;1\/2&#8243; animation_delay=&#8221;1500&#8243; offset=&#8221;vc_col-md-4&#8243; animation_type=&#8221;fadeInRight&#8221;]<div class=\"porto-sicon-box  vc_custom_1736863826755 mt-3 mb-5  wpb_custom_6bd3ea43243bb56571d580d187f8d1d7 style_1 top-icon\"><div class=\"porto-sicon-header\"><h3 class=\"porto-sicon-title\" style=\"font-weight:700;font-size:18px;line-height:30px;\"> Takvim Bask\u0131s\u0131<\/h3><\/div> <!-- header --><div class=\"porto-sicon-description\" style=\"\">Masa ve duvar takvimleri, ajanda bask\u0131lar\u0131.<br \/>\n\u015eirket promosyonu i\u00e7in \u00f6zelle\u015ftirilebilir takvimler.<\/div> <!-- description --><\/div><!-- porto-sicon-box -->[\/vc_column][vc_column width=&#8221;1\/2&#8243; animation_delay=&#8221;1300&#8243; offset=&#8221;vc_col-md-4&#8243; animation_type=&#8221;fadeInRight&#8221;]<div class=\"porto-sicon-box  vc_custom_1736863833372 mt-3 mb-5  wpb_custom_6bd3ea43243bb56571d580d187f8d1d7 style_1 top-icon\"><div class=\"porto-sicon-header\"><h3 class=\"porto-sicon-title\" style=\"font-weight:700;font-size:18px;line-height:30px;\">Magnet ve Etiket Bask\u0131s\u0131<\/h3><\/div> <!-- header --><div class=\"porto-sicon-description\" style=\"\">Magnet ve yap\u0131\u015fkanl\u0131 etiketler.<br \/>\n\u00d6zellikle buzdolab\u0131 magnetleri gibi promosyon \u00fcr\u00fcnleri.<\/div> <!-- description --><\/div><!-- porto-sicon-box -->[\/vc_column][vc_column width=&#8221;1\/2&#8243; animation_delay=&#8221;1100&#8243; offset=&#8221;vc_col-md-4&#8243; animation_type=&#8221;fadeInRight&#8221;]<div class=\"porto-sicon-box  vc_custom_1736863839796 mt-3 mb-5  wpb_custom_6bd3ea43243bb56571d580d187f8d1d7 style_1 top-icon\"><div class=\"porto-sicon-header\"><h3 class=\"porto-sicon-title\" style=\"font-weight:700;font-size:18px;line-height:30px;\"> Duvar Ka\u011f\u0131d\u0131 ve Dekoratif Bask\u0131<\/h3><\/div> <!-- header --><div class=\"porto-sicon-description\" style=\"\">\u00d6zel tasar\u0131mlar, dijital duvar ka\u011f\u0131d\u0131 ve dekoratif bask\u0131lar.<\/div> <!-- description --><\/div><!-- porto-sicon-box -->[\/vc_column][\/vc_row][vc_row wrap_container=&#8221;yes&#8221;][vc_column width=&#8221;1\/2&#8243; animation_delay=&#8221;700&#8243; offset=&#8221;vc_col-md-4&#8243; animation_type=&#8221;fadeInLeft&#8221;]<div class=\"porto-sicon-box  vc_custom_1736863744649 mt-3 mb-5  wpb_custom_6bd3ea43243bb56571d580d187f8d1d7 style_1 top-icon\"><div class=\"porto-sicon-header\"><h3 class=\"porto-sicon-title\" style=\"font-weight:700;font-size:18px;line-height:30px;\">Menu Bask\u0131s\u0131<\/h3><\/div> <!-- header --><div class=\"porto-sicon-description\" style=\"\">Restoran, kafe gibi i\u015fletmeler i\u00e7in men\u00fc bask\u0131s\u0131.<br \/>\nSu ge\u00e7irmez veya kolay temizlenebilir malzemelerle bask\u0131 yap\u0131labilir.<\/div> <!-- description --><\/div><!-- porto-sicon-box -->[\/vc_column][vc_column width=&#8221;1\/2&#8243; animation_delay=&#8221;900&#8243; offset=&#8221;vc_col-md-4&#8243; animation_type=&#8221;fadeInLeft&#8221;]<div class=\"porto-sicon-box  vc_custom_1736863758950 mt-3 mb-5  wpb_custom_6bd3ea43243bb56571d580d187f8d1d7 style_1 top-icon\"><div class=\"porto-sicon-header\"><h3 class=\"porto-sicon-title\" style=\"font-weight:700;font-size:18px;line-height:30px;\">Billboard ve A\u00e7\u0131k Hava Reklam Bask\u0131lar\u0131<\/h3><\/div> <!-- header --><div class=\"porto-sicon-description\" style=\"\">B\u00fcy\u00fck boyutlu a\u00e7\u0131k hava reklamlar\u0131 ve tabelalar i\u00e7in bask\u0131.<\/div> <!-- description --><\/div><!-- porto-sicon-box -->[\/vc_column][vc_column width=&#8221;1\/2&#8243; animation_delay=&#8221;1100&#8243; offset=&#8221;vc_col-md-4&#8243; animation_type=&#8221;fadeInLeft&#8221;]<div class=\"porto-sicon-box  vc_custom_1736863771297 mt-3 mb-5  wpb_custom_6bd3ea43243bb56571d580d187f8d1d7 style_1 top-icon\"><div class=\"porto-sicon-header\"><h3 class=\"porto-sicon-title\" style=\"font-weight:700;font-size:18px;line-height:30px;\"> Plastik ve Sert Y\u00fczey Bask\u0131lar\u0131<\/h3><\/div> <!-- header --><div class=\"porto-sicon-description\" style=\"\">Sert y\u00fczeyler \u00fczerine UV bask\u0131.<br \/>\nPromosyon \u00fcr\u00fcnleri ve tabelalar i\u00e7in.<\/div> <!-- description --><\/div><!-- porto-sicon-box -->[\/vc_column][vc_column width=&#8221;1\/2&#8243; animation_delay=&#8221;1500&#8243; offset=&#8221;vc_col-md-4&#8243; animation_type=&#8221;fadeInRight&#8221;]<div class=\"porto-sicon-box  vc_custom_1736863794589 mt-3 mb-5  wpb_custom_6bd3ea43243bb56571d580d187f8d1d7 style_1 top-icon\"><div class=\"porto-sicon-header\"><h3 class=\"porto-sicon-title\" style=\"font-weight:700;font-size:18px;line-height:30px;\">Ki\u015fiselle\u015ftirilmi\u015f \u00dcr\u00fcn Bask\u0131s\u0131<\/h3><\/div> <!-- header --><div class=\"porto-sicon-description\" style=\"\">\u0130sim veya \u00f6zel tasar\u0131m bask\u0131l\u0131 \u00fcr\u00fcnler.<br \/>\nAjandalar, defterler, kalemler vb. ki\u015fiselle\u015ftirilebilir.<\/div> <!-- description --><\/div><!-- porto-sicon-box -->[\/vc_column][vc_column width=&#8221;1\/2&#8243; animation_delay=&#8221;1300&#8243; offset=&#8221;vc_col-md-4&#8243; animation_type=&#8221;fadeInRight&#8221;][\/vc_column][vc_column width=&#8221;1\/2&#8243; animation_delay=&#8221;1100&#8243; offset=&#8221;vc_col-md-4&#8243; animation_type=&#8221;fadeInRight&#8221;][\/vc_column][\/vc_row][vc_row wrap_container=&#8221;yes&#8221;][vc_column width=&#8221;1\/2&#8243; animation_delay=&#8221;700&#8243; offset=&#8221;vc_col-md-4&#8243; animation_type=&#8221;fadeInLeft&#8221;]<div class=\"porto-sicon-box  vc_custom_1726843013636 mt-3 mb-5  wpb_custom_6bd3ea43243bb56571d580d187f8d1d7 style_1 top-icon\"><div class=\"porto-sicon-top\"><div id=\"porto-icon-114080300569e4caa7a5a1b\" class=\"porto-just-icon-wrapper porto-sicon-img\" style=\"font-size: 400px;\"><img loading=\"lazy\" decoding=\"async\" class=\"img-icon\" alt=\"\" src=\"https:\/\/www.everestbasim.com.tr\/wp-content\/uploads\/2024\/09\/everest_tasarim.jpg\" width=\"715\" height=\"533\" \/><\/div><\/div><div class=\"porto-sicon-header\"><h3 class=\"porto-sicon-title\" style=\"font-weight:700;font-size:18px;line-height:30px;\">Tasar\u0131m Hizmetleri<\/h3><\/div> <!-- header --><div class=\"porto-sicon-description\" style=\"\">Logo Tasar\u0131m\u0131, Web Tasar\u0131m\u0131 Kartvizit, Bro\u015f\u00fcr, Antetli Ka\u011f\u0131t Insert, Katalog, Billboard Afi\u015f Bloknot, Poster, Branda ve \u00d6zel Tasar\u0131mlar<\/div> <!-- description --><\/div><!-- porto-sicon-box -->[\/vc_column][vc_column width=&#8221;1\/2&#8243; animation_delay=&#8221;900&#8243; offset=&#8221;vc_col-md-4&#8243; animation_type=&#8221;fadeInLeft&#8221;]<div class=\"porto-sicon-box  vc_custom_1726843957442 mt-3 mb-5  wpb_custom_6bd3ea43243bb56571d580d187f8d1d7 style_1 top-icon\"><div class=\"porto-sicon-top\"><div id=\"porto-icon-11963656269e4caa7a5ce9\" class=\"porto-just-icon-wrapper porto-sicon-img\" style=\"font-size: 400px;\"><img loading=\"lazy\" decoding=\"async\" class=\"img-icon\" alt=\"\" src=\"https:\/\/www.everestbasim.com.tr\/wp-content\/uploads\/2024\/09\/everest_web-tasarim.jpg\" width=\"715\" height=\"533\" \/><\/div><\/div><div class=\"porto-sicon-header\"><h3 class=\"porto-sicon-title\" style=\"font-weight:700;font-size:18px;line-height:30px;\">Web Sitesi<\/h3><\/div> <!-- header --><div class=\"porto-sicon-description\" style=\"\">E-Ticarete at\u0131laca\u011fan\u0131z web sitenizi sizlere en uygun bir \u015fekilde sunal\u0131m. Domain adresi SEO ve reklamlar ile ticaretinizi internet ortam\u0131na ta\u015f\u0131y\u0131n.<\/div> <!-- description --><\/div><!-- porto-sicon-box -->[\/vc_column][vc_column width=&#8221;1\/2&#8243; animation_delay=&#8221;1100&#8243; offset=&#8221;vc_col-md-4&#8243; animation_type=&#8221;fadeInLeft&#8221;]<div class=\"porto-sicon-box  vc_custom_1726843888094 mt-3 mb-5  wpb_custom_6bd3ea43243bb56571d580d187f8d1d7 style_1 top-icon\"><div class=\"porto-sicon-top\"><div id=\"porto-icon-86519025769e4caa7a6044\" class=\"porto-just-icon-wrapper porto-sicon-img\" style=\"font-size: 400px;\"><img loading=\"lazy\" decoding=\"async\" class=\"img-icon\" alt=\"\" src=\"https:\/\/www.everestbasim.com.tr\/wp-content\/uploads\/2024\/09\/everest_baski-hizmeti.jpg\" width=\"715\" height=\"533\" \/><\/div><\/div><div class=\"porto-sicon-header\"><h3 class=\"porto-sicon-title\" style=\"font-weight:700;font-size:18px;line-height:30px;\">Bask\u0131 Hizmetleri<\/h3><\/div> <!-- header --><div class=\"porto-sicon-description\" style=\"\">Ofset ve Dijital Bask\u0131 olmak \u00fczere geni\u015f makina parkurumuzu sizlere en iyi derecede hizmet verebilmek ad\u0131na kullan\u0131yoruz.<\/div> <!-- description --><\/div><!-- porto-sicon-box -->[\/vc_column][vc_column width=&#8221;1\/2&#8243; animation_delay=&#8221;1500&#8243; offset=&#8221;vc_col-md-4&#8243; animation_type=&#8221;fadeInRight&#8221;]<div class=\"porto-sicon-box  vc_custom_1726843934504 mt-3 mb-5  wpb_custom_6bd3ea43243bb56571d580d187f8d1d7 style_1 top-icon\"><div class=\"porto-sicon-top\"><div id=\"porto-icon-142651020069e4caa7a62b6\" class=\"porto-just-icon-wrapper porto-sicon-img\" style=\"font-size: 400px;\"><img loading=\"lazy\" decoding=\"async\" class=\"img-icon\" alt=\"\" src=\"https:\/\/www.everestbasim.com.tr\/wp-content\/uploads\/2024\/09\/everest_kurumsal-kimlik.jpg\" width=\"715\" height=\"533\" \/><\/div><\/div><div class=\"porto-sicon-header\"><h3 class=\"porto-sicon-title\" style=\"font-weight:700;font-size:18px;line-height:30px;\">Kurumsal Evraklar<\/h3><\/div> <!-- header --><div class=\"porto-sicon-description\" style=\"\">Fatura, \u0130rsaliye v.b gibi resmi evraklar\u0131n\u0131z\u0131 istedi\u011finiz gibi d\u00fczenleyelim ve adresinize getirelim. Kurumsal evraklarda kargo ile g\u00f6nderim yap\u0131lmaz.<\/div> <!-- description --><\/div><!-- porto-sicon-box -->[\/vc_column][vc_column width=&#8221;1\/2&#8243; animation_delay=&#8221;1300&#8243; offset=&#8221;vc_col-md-4&#8243; animation_type=&#8221;fadeInRight&#8221;]<div class=\"porto-sicon-box  vc_custom_1726844008340 mt-3 mb-5  wpb_custom_6bd3ea43243bb56571d580d187f8d1d7 style_1 top-icon\"><div class=\"porto-sicon-top\"><div id=\"porto-icon-29834694269e4caa7a65bd\" class=\"porto-just-icon-wrapper porto-sicon-img\" style=\"font-size: 400px;\"><img loading=\"lazy\" decoding=\"async\" class=\"img-icon\" alt=\"\" src=\"https:\/\/www.everestbasim.com.tr\/wp-content\/uploads\/2024\/09\/everest_reklam-hizmeti.jpg\" width=\"715\" height=\"533\" \/><\/div><\/div><div class=\"porto-sicon-header\"><h3 class=\"porto-sicon-title\" style=\"font-weight:700;font-size:18px;line-height:30px;\">Reklam Hizmetleri<\/h3><\/div> <!-- header --><div class=\"porto-sicon-description\" style=\"\">Google Adwords gibi Reklam platformlar\u0131nda sizlere destek oluyoruz. (\u0130nstagram, Facebook)<\/div> <!-- description --><\/div><!-- porto-sicon-box -->[\/vc_column][vc_column width=&#8221;1\/2&#8243; animation_delay=&#8221;1100&#8243; offset=&#8221;vc_col-md-4&#8243; animation_type=&#8221;fadeInRight&#8221;]<div class=\"porto-sicon-box  vc_custom_1726844109422 mt-3 mb-5  wpb_custom_6bd3ea43243bb56571d580d187f8d1d7 style_1 top-icon\"><div class=\"porto-sicon-top\"><div class=\"porto-just-icon-wrapper porto-icon advanced\" style=\"color:#ffffff;background:#0088cc;width:75px;height:75px;line-height:75px;border-radius:500px;font-size:25px;\"><i class=\"Simple-Line-Icons-direction\"><\/i><\/div><\/div><div class=\"porto-sicon-header\"><h3 class=\"porto-sicon-title\" style=\"font-weight:700;font-size:18px;line-height:30px;\">%100 \u00dcreticinden Hizmet<\/h3><\/div> <!-- header --><div class=\"porto-sicon-description\" style=\"\">\n<h3>&#8220;T\u00fcm Grafik \u0130\u015fleri Matbaam\u0131zda Bas\u0131lmaktad\u0131r.&#8221;<\/h3>\n<p><\/div> <!-- description --><\/div><!-- porto-sicon-box -->[\/vc_column][\/vc_row][vc_row wrap_container=&#8221;yes&#8221; is_section=&#8221;yes&#8221; remove_margin_top=&#8221;yes&#8221; remove_margin_bottom=&#8221;yes&#8221; remove_border=&#8221;yes&#8221;][vc_column][vc_row_inner animation_delay=&#8221;100&#8243; el_class=&#8221;align-items-center&#8221; animation_type=&#8221;fadeInRight&#8221;][vc_column_inner width=&#8221;1\/3&#8243;][vc_single_image image=&#8221;1737&#8243; img_size=&#8221;full&#8221; el_class=&#8221;mt-4&#8243;][\/vc_column_inner][vc_column_inner width=&#8221;2\/3&#8243;]<div class=\"porto-u-heading  wpb_custom_95aa9a11c17ad45cfabaf210d84ee7cc porto-u-8810 \"><div class=\"porto-u-main-heading\"><h2   style=\"margin-bottom: 20px;font-size:25px;\"><b>H\u0131zl\u0131 Bask\u0131 <\/b>Sistemi<\/h2><\/div><style>.porto-u-8810.porto-u-heading{text-align:left}<\/style><\/div>[vc_column_text css=&#8221;&#8221;]15 dakikada dijital bask\u0131 ile \u00fcr\u00fcnlerinizi alabilirsiniz. E\u011fer i\u015finiz acil ise dijital bask\u0131 sistemini tercih edebilirsiniz. Ofset bask\u0131 \u00fcr\u00fcnlerimizin \u00fcretim s\u00fcresi 2 ila 3 i\u015f g\u00fcn\u00fc aras\u0131nda olmaktad\u0131r.<\/p>\n<p>&#8220;T\u00fcm Grafik \u0130\u015fleri Matbaam\u0131zda Bas\u0131lmaktad\u0131r.&#8221;[\/vc_column_text][\/vc_column_inner][\/vc_row_inner][vc_separator color=&#8221;custom&#8221; gap=&#8221;tall&#8221; gradient=&#8221;yes&#8221;][vc_row_inner animation_delay=&#8221;100&#8243; el_class=&#8221;align-items-center&#8221; animation_type=&#8221;fadeInLeft&#8221;][vc_column_inner el_class=&#8221;order-md-2&#8243; width=&#8221;1\/3&#8243;][vc_single_image image=&#8221;1741&#8243; img_size=&#8221;full&#8221; el_class=&#8221;mt-4&#8243;][\/vc_column_inner][vc_column_inner width=&#8221;2\/3&#8243;]<div class=\"porto-u-heading  wpb_custom_95aa9a11c17ad45cfabaf210d84ee7cc porto-u-4892 \"><div class=\"porto-u-main-heading\"><h2   style=\"margin-bottom: 20px;font-size:25px;\"><b>Everest \u0130le <\/b>Markan\u0131z\u0131 Piyasan\u0131n Zirvesine Ta\u015f\u0131y\u0131n<\/h2><\/div><div class=\"porto-u-sub-heading\" style=\"font-size:16.8px;line-height:26px;\">Tasar\u0131m ekibimizle birebir ve h\u0131zl\u0131 bir \u015fekilde ileti\u015fim halinde olup tasar\u0131mlar\u0131n\u0131z\u0131 birlikte daha h\u0131zl\u0131 ve diledi\u011finiz gibi tasarlatabilirsiniz. Dijital ortamda olmayan tasar\u0131mlar\u0131n\u0131z canland\u0131r\u0131labilir, dijital ortama aktar\u0131labilir ve \u00fczerinde de\u011fi\u015fiklikler yap\u0131labilir.<\/div><style>.porto-u-4892.porto-u-heading{text-align:left}<\/style><\/div>[vc_column_text css=&#8221;&#8221;][\/vc_column_text][\/vc_column_inner][\/vc_row_inner][\/vc_column][\/vc_row][vc_row wrap_container=&#8221;yes&#8221; el_class=&#8221;call-to-action-in-footer&#8221; css=&#8221;.vc_custom_1543831055944{padding-top: 100px !important;padding-bottom: 100px !important;background-color: #f7f7f7 !important;}&#8221;][vc_column][vc_cta h2=&#8221;Neden <b>bizimle<\/b> \u00e7al\u0131\u015fmal\u0131s\u0131n\u0131z<b>?<\/b>&#8221; txt_align=&#8221;center&#8221; shape=&#8221;square&#8221; style=&#8221;flat&#8221; color=&#8221;white&#8221; add_button=&#8221;right&#8221; btn_title=&#8221;\u015eimdi Tan\u0131\u015f\u0131n&#8221; btn_color=&#8221;primary&#8221; btn_size=&#8221;lg&#8221; btn_align=&#8221;center&#8221; btn_skin=&#8221;dark&#8221; btn_btn_fw=&#8221;700&#8243; btn_show_arrow=&#8221;yes&#8221; css=&#8221;.vc_custom_1736863959448{background-color: #f7f7f7 !important;}&#8221; btn_el_class=&#8221;btn-call-to-action&#8221; el_class=&#8221;mb-0&#8243; btn_btn_px=&#8221;1.5rem&#8221; btn_btn_py=&#8221;1rem&#8221;]<strong>Deneyim ve G\u00fcven:<\/strong> 37 y\u0131ll\u0131k tecr\u00fcbemizle her projeyi profesyonel bir titizlikle ele al\u0131yoruz. <strong>Y\u00fcksek Teknoloji:<\/strong> Son teknoloji bask\u0131 makineleri ile her zaman kaliteli sonu\u00e7lar elde ediyoruz. <strong>Zaman\u0131nda Teslimat:<\/strong> Her projeyi zaman\u0131nda ve beklentilerin \u00fczerinde tamaml\u0131yoruz. <strong>Ki\u015fiye \u00d6zel \u00c7\u00f6z\u00fcmler:<\/strong> M\u00fc\u015fteri taleplerine uygun esnek bask\u0131 \u00e7\u00f6z\u00fcmleri sunuyoruz.[\/vc_cta][\/vc_column][\/vc_row]<\/p>\n<\/div>","protected":false},"excerpt":{"rendered":"<p>[vc_row wrap_container=&#8221;yes&#8221; css=&#8221;.vc_custom_1543831225971{padding-top: 50px !important;}&#8221;][vc_column][\/vc_column][\/vc_row][vc_row wrap_container=&#8221;yes&#8221;][vc_column offset=&#8221;vc_col-md-10 vc_col-xs-12&#8243;][vc_column_text css=&#8221;&#8221; el_class=&#8221;lead&#8221;]&#8221;Firmam\u0131z, 30 y\u0131l\u0131 a\u015fk\u0131n s\u00fcredir sekt\u00f6rde edindi\u011fi tecr\u00fcbeyle m\u00fc\u015fteri memnuniyeti ve kaliteyi \u00f6n planda tutarak hizmet vermektedir. Geli\u015fen teknolojiye uyum sa\u011flayarak her projeyi zaman\u0131nda ve beklentilerin \u00f6tesinde teslim etmekteyiz.&#8221;[\/vc_column_text][\/vc_column][vc_column offset=&#8221;vc_col-md-2 vc_col-xs-12&#8243;][vc_btn title=&#8221;\u015eimdi Tan\u0131\u015f\u0131n!&#8221; style=&#8221;modern&#8221; css=&#8221;&#8221; skin=&#8221;dark&#8221;][\/vc_column][\/vc_row][vc_row wrap_container=&#8221;yes&#8221;][vc_column][vc_separator color=&#8221;custom&#8221; gap=&#8221;tall&#8221; gradient=&#8221;yes&#8221;][\/vc_column][\/vc_row][vc_row wrap_container=&#8221;yes&#8221;][vc_column width=&#8221;1\/2&#8243; animation_delay=&#8221;700&#8243; offset=&#8221;vc_col-md-4&#8243; animation_type=&#8221;fadeInLeft&#8221;][\/vc_column][vc_column width=&#8221;1\/2&#8243; [&hellip;]<\/p>\n","protected":false},"author":1,"featured_media":0,"parent":0,"menu_order":0,"comment_status":"closed","ping_status":"closed","template":"","meta":{"_joinchat":[],"footnotes":""},"class_list":["post-67","page","type-page","status-publish","hentry"],"_links":{"self":[{"href":"https:\/\/www.everestbasim.com.tr\/index.php?rest_route=\/wp\/v2\/pages\/67","targetHints":{"allow":["GET"]}}],"collection":[{"href":"https:\/\/www.everestbasim.com.tr\/index.php?rest_route=\/wp\/v2\/pages"}],"about":[{"href":"https:\/\/www.everestbasim.com.tr\/index.php?rest_route=\/wp\/v2\/types\/page"}],"author":[{"embeddable":true,"href":"https:\/\/www.everestbasim.com.tr\/index.php?rest_route=\/wp\/v2\/users\/1"}],"replies":[{"embeddable":true,"href":"https:\/\/www.everestbasim.com.tr\/index.php?rest_route=%2Fwp%2Fv2%2Fcomments&post=67"}],"version-history":[{"count":29,"href":"https:\/\/www.everestbasim.com.tr\/index.php?rest_route=\/wp\/v2\/pages\/67\/revisions"}],"predecessor-version":[{"id":3037,"href":"https:\/\/www.everestbasim.com.tr\/index.php?rest_route=\/wp\/v2\/pages\/67\/revisions\/3037"}],"wp:attachment":[{"href":"https:\/\/www.everestbasim.com.tr\/index.php?rest_route=%2Fwp%2Fv2%2Fmedia&parent=67"}],"curies":[{"name":"wp","href":"https:\/\/api.w.org\/{rel}","templated":true}]}}