{"id":73,"date":"2016-06-14T06:15:58","date_gmt":"2016-06-14T06:15:58","guid":{"rendered":"http:\/\/sw-themes.com\/porto_dummy\/?page_id=73"},"modified":"2024-09-25T14:14:32","modified_gmt":"2024-09-25T11:14:32","slug":"contact-us","status":"publish","type":"page","link":"https:\/\/www.everestbasim.com.tr\/?page_id=73","title":{"rendered":"\u0130leti\u015fim"},"content":{"rendered":"<div class=\"vce-row-container\" data-vce-boxed-width=\"true\"><div class=\"vce-row vce-row--col-gap-30 vce-row-equal-height vce-row-content--top\" id=\"el-d60e54ab\" data-vce-do-apply=\"all el-d60e54ab\"><div class=\"vce-row-content\" data-vce-element-content=\"true\"><div class=\"vce-col vce-col--md-auto vce-col--xs-1 vce-col--xs-last vce-col--xs-first vce-col--sm-last vce-col--sm-first vce-col--md-last vce-col--lg-last vce-col--xl-last vce-col--md-first vce-col--lg-first vce-col--xl-first\" id=\"el-7575eef7\"><div class=\"vce-col-inner\" data-vce-do-apply=\"border margin background  el-7575eef7\"><div class=\"vce-col-content\" data-vce-element-content=\"true\" data-vce-do-apply=\"padding el-7575eef7\"><div class=\"vce-text-block\"><div class=\"vce-text-block-wrapper vce\" id=\"el-bb4b7131\" data-vce-do-apply=\"all el-bb4b7131\"><p>[vc_row full_width=\"stretch_row_content_no_spaces\"][vc_column]<div id='wrap_map_69e4cba276bd1' class='porto-map-wrapper porto-adjust-bottom-margin ' style='height:400px;'><div id='map_69e4cba276bd1' data-map_override='0' class='porto_google_map' style='width:100%;height:400px;'><\/div><\/div><script>\r\n( function() {\r\n\tvar porto_init_map = function() {\r\n\t\t( function( $ ) {\r\n\t\t\t'use strict';\r\n\t\t\tif (typeof google == 'undefined') {\r\n\t\t\t\treturn;\r\n\t\t\t}\r\n\t\t\tvar map_map_69e4cba276bd1 = null;\r\n\t\t\tvar coordinate_map_69e4cba276bd1;\r\n\t\t\ttry {\r\n\t\t\t\tcoordinate_map_69e4cba276bd1=new google.maps.LatLng(40.75198, -73.96978);\r\n\t\t\t\tvar isDraggable = $(document).width() > 640 ? true : true;\r\n\t\t\t\tvar mapOptions = {\r\n\t\t\t\t\tzoom: 16,\r\n\t\t\t\t\tcenter: coordinate_map_69e4cba276bd1,\r\n\t\t\t\t\tscaleControl: true,\r\n\t\t\t\t\tstreetViewControl: true,\r\n\t\t\t\t\tmapTypeControl: true,\r\n\t\t\t\t\tpanControl: true,\r\n\t\t\t\t\tzoomControl: true,\r\n\t\t\t\t\tscrollwheel: false,\r\n\t\t\t\t\tdraggable: isDraggable,\r\n\t\t\t\t\tzoomControlOptions: {\r\n\t\t\t\t\t\tposition: google.maps.ControlPosition.RIGHT_BOTTOM\r\n\t\t\t\t\t},mapTypeId: google.maps.MapTypeId.ROADMAP,};var map_map_69e4cba276bd1 = new google.maps.Map(document.getElementById('map_69e4cba276bd1'),mapOptions);\r\n\t\t\t\t\t\tvar x = 'off';\r\n\t\t\t\t\t\tvar marker_map_69e4cba276bd1 = new google.maps.Marker({\r\n\t\t\t\t\t\tposition: new google.maps.LatLng(40.75198, -73.96978),\r\n\t\t\t\t\t\tanimation:  google.maps.Animation.DROP,\r\n\t\t\t\t\t\tmap: map_map_69e4cba276bd1,\r\n\t\t\t\t\t\ticon: 'https:\/\/www.everestbasim.com.tr\/wp-content\/uploads\/2016\/06\/pin.png'\r\n\t\t\t\t\t});\r\n\t\t\t\t\tgoogle.maps.event.addListener(marker_map_69e4cba276bd1, 'click', toggleBounce);var infowindow = new google.maps.InfoWindow();\r\n\t\t\t\t\t\t\tinfowindow.setContent('<div class=\"map_info_text\" style=\\'color:#000;\\'><strong>\u0130stanbul<\/strong><\/p><div>2. Matbaac\u0131lar Sitesi<\/div><p><\/div>');infowindow.open(map_map_69e4cba276bd1,marker_map_69e4cba276bd1);google.maps.event.addListener(marker_map_69e4cba276bd1, 'click', function() {\r\n\t\t\t\t\t\t\t\tinfowindow.open(map_map_69e4cba276bd1,marker_map_69e4cba276bd1);\r\n\t\t\t\t\t\t\t});}\r\n\t\t\tcatch(e){};\r\n\t\t\tgoogle.maps.event.trigger(map_map_69e4cba276bd1, 'resize');\r\n\t\t\t$(window).on('resize', function(){\r\n\t\t\t\tgoogle.maps.event.trigger(map_map_69e4cba276bd1, 'resize');\r\n\t\t\t\tif(map_map_69e4cba276bd1!=null) {\r\n\t\t\t\t\tmap_map_69e4cba276bd1.setCenter(coordinate_map_69e4cba276bd1);\r\n\t\t\t\t}\r\n\t\t\t});\r\n\t\t\t$('.ui-tabs').on('tabsactivate', function(event, ui) {\r\n\t\t\t   if($(this).find('.porto-map-wrapper').length > 0)\r\n\t\t\t\t{\r\n\t\t\t\t\tsetTimeout(function(){\r\n\t\t\t\t\t\t$(window).trigger('resize');\r\n\t\t\t\t\t},200);\r\n\t\t\t\t}\r\n\t\t\t});\r\n\t\t\t$('.ui-accordion').on('accordionactivate', function(event, ui) {\r\n\t\t\t\tif($(this).find('.porto-map-wrapper').length > 0) {\r\n\t\t\t\t\tsetTimeout(function(){\r\n\t\t\t\t\t\t$(window).trigger('resize');\r\n\t\t\t\t\t},200);\r\n\t\t\t\t}\r\n\t\t\t});\r\n\t\t\t$(document).on('onPortoModalPopupOpen', function(){\r\n\t\t\t\tif($(map_map_69e4cba276bd1).parents('.porto_modal-content')) {\r\n\t\t\t\t\tsetTimeout(function(){\r\n\t\t\t\t\t\t$(window).trigger('resize');\r\n\t\t\t\t\t},200);\r\n\t\t\t\t}\r\n\t\t\t});\r\n\t\t\tfunction toggleBounce() {\r\n\t\t\t\tif (marker_map_69e4cba276bd1.getAnimation() != null) {\r\n\t\t\t\t\tmarker_map_69e4cba276bd1.setAnimation(null);\r\n\t\t\t\t} else {\r\n\t\t\t\t\tmarker_map_69e4cba276bd1.setAnimation(google.maps.Animation.BOUNCE);\r\n\t\t\t\t}\r\n\t\t\t}\r\n\t\t} )( window.jQuery );\r\n\t};\r\n\r\n\tif ( window.jQuery ) {\r\n\t\tjQuery( document ).ready(function() {\r\n\t\t\tporto_init_map();\r\n\t\t} );\r\n\t} else {\r\n\t\tdocument.addEventListener( 'DOMContentLoaded', porto_init_map );\r\n\t}\r\n\r\n\twindow.addEventListener( 'load', function() {\r\n\t\tsetTimeout( function() {\r\n\t\t\tjQuery( window ).trigger( 'resize' );\r\n\t\t}, 200 );\r\n\t} );\r\n} )();\r\n<\/script>[\/vc_column][\/vc_row][vc_row wrap_container=\"yes\" el_class=\"m-b-xl\"][vc_column width=\"1\/2\"]<div class=\"wpb_custom_8e39365fa00ded789edeaf348f33ca36\">\n<div class=\"wpcf7 no-js\" id=\"wpcf7-f74-o1\" lang=\"en-US\" dir=\"ltr\" data-wpcf7-id=\"74\">\n<div class=\"screen-reader-response\"><p role=\"status\" aria-live=\"polite\" aria-atomic=\"true\"><\/p> <ul><\/ul><\/div>\n<form action=\"\/index.php?rest_route=%2Fwp%2Fv2%2Fpages%2F73#wpcf7-f74-o1\" method=\"post\" class=\"wpcf7-form init\" aria-label=\"Contact form\" novalidate=\"novalidate\" data-status=\"init\">\n<fieldset class=\"hidden-fields-container\"><input type=\"hidden\" name=\"_wpcf7\" value=\"74\" \/><input type=\"hidden\" name=\"_wpcf7_version\" value=\"6.1.1\" \/><input type=\"hidden\" name=\"_wpcf7_locale\" value=\"en_US\" \/><input type=\"hidden\" name=\"_wpcf7_unit_tag\" value=\"wpcf7-f74-o1\" \/><input type=\"hidden\" name=\"_wpcf7_container_post\" value=\"0\" \/><input type=\"hidden\" name=\"_wpcf7_posted_data_hash\" value=\"\" \/>\n<\/fieldset>\n<h2 class=\"short mb-2\"><b>Bize<\/b> Yaz\u0131n<\/h2>\n<p class=\"mb-5\">Ayr\u0131nt\u0131lar\u0131 sormaktan \u00e7ekinmeyin!<\/p>\n<div class=\"row form-row\">\n    <div class=\"col-lg-6\">\n        <div class=\"form-group\">\n            <label for=\"contact-name\" class=\"font-weight-bold text-dark\">\u0130sminiz *<\/label>\n            <span class=\"wpcf7-form-control-wrap\" data-name=\"your-name\"><input size=\"40\" maxlength=\"400\" class=\"wpcf7-form-control wpcf7-text wpcf7-validates-as-required form-control\" id=\"contact-name\" aria-required=\"true\" aria-invalid=\"false\" value=\"\" type=\"text\" name=\"your-name\" \/><\/span>\n        <\/div>\n    <\/div>\n    <div class=\"col-lg-6\">\n        <div class=\"form-group\">\n            <label for=\"contact-email\" class=\"font-weight-bold text-dark\">E-posta *<\/label>\n            <span class=\"wpcf7-form-control-wrap\" data-name=\"your-email\"><input size=\"40\" maxlength=\"400\" class=\"wpcf7-form-control wpcf7-email wpcf7-validates-as-required wpcf7-text wpcf7-validates-as-email form-control\" id=\"contact-email\" aria-required=\"true\" aria-invalid=\"false\" value=\"\" type=\"email\" name=\"your-email\" \/><\/span>\n        <\/div>\n    <\/div>\n    <div class=\"col-lg-12\">\n        <div class=\"form-group\">\n            <label for=\"contact-subject\" class=\"font-weight-bold text-dark\">Konu<\/label>\n            <span class=\"wpcf7-form-control-wrap\" data-name=\"your-subject\"><input size=\"40\" maxlength=\"400\" class=\"wpcf7-form-control wpcf7-text form-control\" id=\"contact-subject\" aria-invalid=\"false\" value=\"\" type=\"text\" name=\"your-subject\" \/><\/span>\n        <\/div>\n    <\/div>\n    <div class=\"col-lg-12\">\n        <div class=\"form-group\">\n            <label for=\"contact-message\" class=\"font-weight-bold text-dark\">Sorunuz<\/label>\n            <span class=\"wpcf7-form-control-wrap\" data-name=\"your-message\"><textarea cols=\"40\" rows=\"10\" maxlength=\"2000\" class=\"wpcf7-form-control wpcf7-textarea form-control\" id=\"contact-message\" aria-invalid=\"false\" name=\"your-message\"><\/textarea><\/span>\n        <\/div>\n    <\/div>\n    <div class=\"col-lg-12\">\n        <div class=\"form-group\">\n            <input class=\"wpcf7-form-control wpcf7-submit has-spinner btn btn-primary btn-modern\" type=\"submit\" value=\"G\u00f6nder\" \/>\n        <\/div>\n    <\/div>\n<\/div><div class=\"wpcf7-response-output\" aria-hidden=\"true\"><\/div>\n<\/form>\n<\/div>\n<\/div>[\/vc_column][vc_column width=\"1\/2\" el_class=\"info-box-small\"][vc_custom_heading text=\"Bize <strong>Ula\u015f\u0131n<\/strong>\" font_container=\"tag:h4|text_align:left\" use_theme_fonts=\"yes\" css=\"\" skin=\"dark\"]<div class=\"porto-sicon-box  wpb_custom_991192e517ba80822b25b68bbbc51b14 style_1 default-icon\"><div class=\"porto-sicon-default\"><div class=\"porto-just-icon-wrapper porto-icon advanced\" style=\"color:#0088cc;border-style:solid;border-color:#0088cc;border-width:1px;width:25px;height:25px;line-height:25px;border-radius:25px;font-size:12px;\"><i class=\"fas fa-map-marker-alt\"><\/i><\/div><\/div><div class=\"porto-sicon-header\"><p><strong>Adres:<\/strong> Maltepe Mah. Litros Yolu Sokak 2. Matbaac\u0131lar Sitesi 5. Kat F Blok No: 3NF7 Zeytinburnu \u2013 \u0130stanbul<\/p><\/div> <!-- header --><\/div><!-- porto-sicon-box --><div class=\"porto-sicon-box  wpb_custom_991192e517ba80822b25b68bbbc51b14 style_1 default-icon\"><div class=\"porto-sicon-default\"><div class=\"porto-just-icon-wrapper porto-icon advanced\" style=\"color:#0088cc;border-style:solid;border-color:#0088cc;border-width:1px;width:25px;height:25px;line-height:25px;border-radius:25px;font-size:12px;\"><i class=\"fas fa-phone\"><\/i><\/div><\/div><div class=\"porto-sicon-header\"><p><strong>Telefon<\/strong>: +90 212 434 51 34<\/p><\/div> <!-- header --><\/div><!-- porto-sicon-box --><div class=\"porto-sicon-box  wpb_custom_991192e517ba80822b25b68bbbc51b14 style_1 default-icon\"><div class=\"porto-sicon-default\"><div class=\"porto-just-icon-wrapper porto-icon advanced\" style=\"color:#0088cc;border-style:solid;border-color:#0088cc;border-width:1px;width:25px;height:25px;line-height:25px;border-radius:25px;font-size:12px;\"><i class=\"far fa-envelope\"><\/i><\/div><\/div><div class=\"porto-sicon-header\"><p><strong>E-posta<\/strong>: info@everestbasim.com<\/p><\/div> <!-- header --><\/div><!-- porto-sicon-box -->[vc_custom_heading text=\"\u00c7al\u0131\u015fma <strong>Saatlerimiz<\/strong>\" font_container=\"tag:h4|text_align:left\" use_theme_fonts=\"yes\" css=\"\" skin=\"dark\" el_class=\"mt-5\"]<div class=\"porto-sicon-box  wpb_custom_991192e517ba80822b25b68bbbc51b14 style_1 default-icon\"><div class=\"porto-sicon-default\"><div class=\"porto-just-icon-wrapper porto-icon none\" style=\"font-size:14px;\"><i class=\"far fa-clock\"><\/i><\/div><\/div><div class=\"porto-sicon-header\"><p>Pazartesi - Cuma 9.00 - 18.00<\/p><\/div> <!-- header --><\/div><!-- porto-sicon-box --><div class=\"porto-sicon-box  wpb_custom_991192e517ba80822b25b68bbbc51b14 style_1 default-icon\"><div class=\"porto-sicon-default\"><div class=\"porto-just-icon-wrapper porto-icon none\" style=\"font-size:14px;\"><i class=\"far fa-clock\"><\/i><\/div><\/div><div class=\"porto-sicon-header\"><p>Cumartesi - 09.00 - 14.00<\/p><\/div> <!-- header --><\/div><!-- porto-sicon-box --><div class=\"porto-sicon-box  wpb_custom_991192e517ba80822b25b68bbbc51b14 style_1 default-icon\"><div class=\"porto-sicon-default\"><div class=\"porto-just-icon-wrapper porto-icon none\" style=\"font-size:14px;\"><i class=\"far fa-clock\"><\/i><\/div><\/div><div class=\"porto-sicon-header\"><p>Pazar - Kapal\u0131<\/p><\/div> <!-- header --><\/div><!-- porto-sicon-box -->[vc_custom_heading text=\"Bizimle <strong>\u0130leti\u015fime Ge\u00e7in<\/strong>\" font_container=\"tag:h4|text_align:left\" use_theme_fonts=\"yes\" css=\"\" skin=\"dark\" el_class=\"mt-5\"][vc_column_text css=\"\"]<\/p><p class=\"lead font-size-lg\">Y\u00fcksek kaliteli bask\u0131 hizmetlerimizle ihtiya\u00e7lar\u0131n\u0131za \u00e7\u00f6z\u00fcmler sunuyoruz. Profesyonel ve h\u0131zl\u0131 hizmetlerimizle projenizi en iyi \u015fekilde hayata ge\u00e7irmek i\u00e7in buraday\u0131z. Size en uygun \u00e7\u00f6z\u00fcm\u00fc sunmam\u0131z i\u00e7in l\u00fctfen bizimle ileti\u015fime ge\u00e7in.<\/p><p>[\/vc_column_text][\/vc_column][\/vc_row][vc_row wrap_container=\"yes\" el_class=\"call-to-action-in-footer\" css=\".vc_custom_1542186798701{background-color: #f7f7f7 !important;}\"][vc_column][vc_cta h2=\"30 Y\u0131ll\u0131k Tecr\u00fcbe ile Sekt\u00f6r Liderlerine Hizmet Veriyoruz\" txt_align=\"center\" shape=\"square\" style=\"flat\" color=\"white\" add_button=\"right\" btn_title=\"Bizimle Tan\u0131\u015f\u0131n\" btn_style=\"modern\" btn_color=\"primary\" btn_size=\"lg\" btn_align=\"center\" btn_skin=\"dark\" btn_show_arrow=\"yes\" css=\".vc_custom_1543830813350{background-color: #f7f7f7 !important;}\" btn_el_class=\"btn-call-to-action\" el_class=\"mb-0\"] Everest Bas\u0131m olarak, y\u0131llard\u0131r bir\u00e7ok sekt\u00f6rden \u00f6nemli markalara y\u00fcksek kaliteli bask\u0131 ve ambalaj \u00e7\u00f6z\u00fcmleri sunuyoruz.[\/vc_cta][\/vc_column][\/vc_row]<\/p><\/div><\/div><\/div><\/div><\/div><\/div><\/div><\/div>\n","protected":false},"excerpt":{"rendered":"<p>[vc_row full_width=&#8221;stretch_row_content_no_spaces&#8221;][vc_column][\/vc_column][\/vc_row][vc_row wrap_container=&#8221;yes&#8221; el_class=&#8221;m-b-xl&#8221;][vc_column width=&#8221;1\/2&#8243;][\/vc_column][vc_column width=&#8221;1\/2&#8243; el_class=&#8221;info-box-small&#8221;][vc_custom_heading text=&#8221;Bize Ula\u015f\u0131n&#8221; font_container=&#8221;tag:h4|text_align:left&#8221; use_theme_fonts=&#8221;yes&#8221; css=&#8221;&#8221; skin=&#8221;dark&#8221;][vc_custom_heading text=&#8221;\u00c7al\u0131\u015fma Saatlerimiz&#8221; font_container=&#8221;tag:h4|text_align:left&#8221; use_theme_fonts=&#8221;yes&#8221; css=&#8221;&#8221; skin=&#8221;dark&#8221; el_class=&#8221;mt-5&#8243;][vc_custom_heading text=&#8221;Bizimle \u0130leti\u015fime Ge\u00e7in&#8221; font_container=&#8221;tag:h4|text_align:left&#8221; use_theme_fonts=&#8221;yes&#8221; css=&#8221;&#8221; skin=&#8221;dark&#8221; el_class=&#8221;mt-5&#8243;][vc_column_text css=&#8221;&#8221;]Y\u00fcksek kaliteli bask\u0131 hizmetlerimizle ihtiya\u00e7lar\u0131n\u0131za \u00e7\u00f6z\u00fcmler sunuyoruz. Profesyonel ve h\u0131zl\u0131 hizmetlerimizle projenizi en iyi \u015fekilde hayata ge\u00e7irmek i\u00e7in buraday\u0131z. Size en uygun \u00e7\u00f6z\u00fcm\u00fc sunmam\u0131z i\u00e7in l\u00fctfen bizimle [&hellip;]<\/p>\n","protected":false},"author":1,"featured_media":0,"parent":0,"menu_order":0,"comment_status":"closed","ping_status":"closed","template":"","meta":{"_joinchat":[],"footnotes":""},"class_list":["post-73","page","type-page","status-publish","hentry"],"_links":{"self":[{"href":"https:\/\/www.everestbasim.com.tr\/index.php?rest_route=\/wp\/v2\/pages\/73","targetHints":{"allow":["GET"]}}],"collection":[{"href":"https:\/\/www.everestbasim.com.tr\/index.php?rest_route=\/wp\/v2\/pages"}],"about":[{"href":"https:\/\/www.everestbasim.com.tr\/index.php?rest_route=\/wp\/v2\/types\/page"}],"author":[{"embeddable":true,"href":"https:\/\/www.everestbasim.com.tr\/index.php?rest_route=\/wp\/v2\/users\/1"}],"replies":[{"embeddable":true,"href":"https:\/\/www.everestbasim.com.tr\/index.php?rest_route=%2Fwp%2Fv2%2Fcomments&post=73"}],"version-history":[{"count":6,"href":"https:\/\/www.everestbasim.com.tr\/index.php?rest_route=\/wp\/v2\/pages\/73\/revisions"}],"predecessor-version":[{"id":3012,"href":"https:\/\/www.everestbasim.com.tr\/index.php?rest_route=\/wp\/v2\/pages\/73\/revisions\/3012"}],"wp:attachment":[{"href":"https:\/\/www.everestbasim.com.tr\/index.php?rest_route=%2Fwp%2Fv2%2Fmedia&parent=73"}],"curies":[{"name":"wp","href":"https:\/\/api.w.org\/{rel}","templated":true}]}}